{"id":16525,"date":"2025-02-05T13:03:42","date_gmt":"2025-02-05T12:03:42","guid":{"rendered":"https:\/\/enigmia.es\/?page_id=16525"},"modified":"2025-06-19T12:48:11","modified_gmt":"2025-06-19T10:48:11","slug":"rechtshinweis","status":"publish","type":"page","link":"https:\/\/enigmia.es\/de\/aviso-legal\/","title":{"rendered":"Rechtlicher Hinweis"},"content":{"rendered":"<p>Mit dieser Mitteilung erf\u00fcllt Enigmia Digital, S.L. die im Gesetz 34\/2002 vom 11. Juli \u00fcber die Dienstleistungen der Informationsgesellschaft und den elektronischen Handel (LSSICE) festgelegten Verpflichtungen und informiert alle Nutzer der Website \u00fcber die Nutzungsbedingungen.<\/p>\n\n\n\n<p>Jede Person, die auf diese Website zugreift, \u00fcbernimmt die Rolle des Nutzers und verpflichtet sich, die hier aufgef\u00fchrten Bedingungen sowie die Datenschutzrichtlinie, die Cookie-Richtlinie und andere anwendbare gesetzliche Bestimmungen zu beachten und einzuhalten.<\/p>\n\n\n\n<h3 class=\"wp-block-heading\">1. rechtliche Informationen und Akzeptanz.<\/h3>\n\n\n\n<p>Die vorliegenden Bestimmungen regeln die Nutzung des Internetportal-Dienstes (im Folgenden \u00abPortal\u00bb), den Enigmia Digital, S.L. den Internetnutzern zur Verf\u00fcgung stellt.<\/p>\n\n\n\n<p>Enigmia Digital, S.L. hat seinen Sitz in der Avda. Hern\u00e1n Cort\u00e9s, 5, bajo. 10001-C\u00e1ceres, Telefon: 927 289 680. 10001-C\u00e1ceres, Telefon: 927 289 680. Sie wurde durch eine im Handelsregister von C\u00e1ceres, Sektion 8, Seite CC 16610, 1. eingetragene Gr\u00fcndungsurkunde gegr\u00fcndet.<\/p>\n\n\n\n<p>Der Zugang zur Website ist kostenlos, mit Ausnahme der Kosten f\u00fcr die Verbindung \u00fcber das Telekommunikationsnetz, die von dem von den Nutzern beauftragten Zugangsanbieter bereitgestellt werden.<\/p>\n\n\n\n<p>Die Nutzung des Portals verleiht die Eigenschaft eines Portalbenutzers (im Folgenden \u00abBenutzer\u00bb genannt) und setzt die Annahme aller in diesem rechtlichen Hinweis enthaltenen Bedingungen voraus. Die Bereitstellung des Portaldienstes ist auf die Zeit beschr\u00e4nkt, in der der Benutzer mit dem Portal oder mit einem der \u00fcber das Portal angebotenen Dienste verbunden ist. Daher muss der Nutzer diesen rechtlichen Hinweis jedes Mal, wenn er das Portal nutzen m\u00f6chte, sorgf\u00e4ltig lesen, da das Portal und seine in diesem rechtlichen Hinweis dargelegten Nutzungsbedingungen \u00c4nderungen unterliegen k\u00f6nnen.<\/p>\n\n\n\n<h3 class=\"wp-block-heading\">2. Bedingungen f\u00fcr die Nutzung des Portals.<\/h3>\n\n\n\n<h4 class=\"wp-block-heading\">2.1 Allgemeines.<\/h4>\n\n\n\n<p>Der Benutzer verpflichtet sich zur korrekten Nutzung des Portals in \u00dcbereinstimmung mit dem Gesetz und diesem rechtlichen Hinweis. Der Nutzer haftet gegen\u00fcber Enigmia Digital, S.L. oder gegen\u00fcber Dritten f\u00fcr alle Sch\u00e4den, die durch die Nichteinhaltung dieser Verpflichtung entstehen k\u00f6nnen.<\/p>\n\n\n\n<h4 class=\"wp-block-heading\">2.2 Inhalt.<\/h4>\n\n\n\n<p>Der Nutzer verpflichtet sich, die Inhalte in \u00dcbereinstimmung mit dem Gesetz und den vorliegenden rechtlichen Hinweisen sowie mit allen anderen Bedingungen, Vorschriften und Anweisungen, die m\u00f6glicherweise anwendbar sind, zu nutzen.<\/p>\n\n\n\n<p>So hat der Nutzer beispielsweise Folgendes zu unterlassen:<\/p>\n\n\n\n<ul class=\"wp-block-list\">\n<li>den Inhalt zu reproduzieren, zu kopieren, zu verbreiten, zur Verf\u00fcgung zu stellen, \u00f6ffentlich zu kommunizieren, zu transformieren oder zu modifizieren, au\u00dfer in gesetzlich erlaubten F\u00e4llen oder mit ausdr\u00fccklicher Zustimmung von Enigmia Digital, S.L.<\/li>\n\n\n\n<li>Die Vervielf\u00e4ltigung oder das Kopieren der Inhalte, die als Software oder Datenbank betrachtet werden, f\u00fcr den privaten Gebrauch, sowie ihre \u00f6ffentliche Bekanntmachung oder ihre Bereitstellung f\u00fcr Dritte, wenn dies eine Vervielf\u00e4ltigung impliziert.<\/li>\n\n\n\n<li>den gesamten oder einen wesentlichen Teil des Inhalts des Portals oder der verf\u00fcgbaren Datenbanken zu extrahieren oder wiederzuverwenden.<\/li>\n\n\n\n<li>die Informationen f\u00fcr den Versand von Werbung, f\u00fcr kommerzielle Zwecke oder zur Speicherung personenbezogener Daten Dritter zu verwenden.<\/li>\n<\/ul>\n\n\n\n<h4 class=\"wp-block-heading\">2.3 Formulare zur Datenerhebung.<\/h4>\n\n\n\n<p>Alle vom Nutzer bereitgestellten Informationen m\u00fcssen wahrheitsgem\u00e4\u00df sein. Der Nutzer garantiert die Echtheit der \u00fcbermittelten Daten und ist daf\u00fcr verantwortlich, dass diese auf dem neuesten Stand gehalten werden. Der Nutzer haftet f\u00fcr falsche oder ungenaue Angaben und den dadurch verursachten Schaden.<\/p>\n\n\n\n<h4 class=\"wp-block-heading\">2.4 Einf\u00fchrung von Links zum Portal.<\/h4>\n\n\n\n<p>Die Bedingungen f\u00fcr die Verkn\u00fcpfung mit dem Portal sind wie folgt:<\/p>\n\n\n\n<ul class=\"wp-block-list\">\n<li>Sie d\u00fcrfen nur auf die Startseite verlinken.<\/li>\n\n\n\n<li>Die Inhalte des Portals d\u00fcrfen weder vervielf\u00e4ltigt noch \u00abFrames\u00bb erstellt werden.<\/li>\n\n\n\n<li>Sie darf nicht irref\u00fchrend sein, keinen unlauteren Wettbewerb betreiben und ihren Ruf nicht ausnutzen.<\/li>\n\n\n\n<li>Es d\u00fcrfen keine falschen oder ungenauen Angaben \u00fcber Enigmia Digital, S.L. oder seine Dienstleistungen gemacht werden.<\/li>\n\n\n\n<li>Kein Unterscheidungszeichen von Enigmia Digital, S.L. darf ohne ausdr\u00fcckliche Genehmigung verwendet werden.<\/li>\n\n\n\n<li>Die verlinkende Website darf keine illegalen oder unangemessenen Inhalte enthalten.<\/li>\n<\/ul>\n\n\n\n<h3 class=\"wp-block-heading\">3. Erbringung von Dienstleistungen gem\u00e4\u00df Gesetz 34\/2002.<\/h3>\n\n\n\n<p>Enigmia Digital, S.L. ist als Anbieter von Diensten der Informationsgesellschaft t\u00e4tig. Sie f\u00fchrt kommerzielle Mitteilungen durch, die sie als Werbetreibende ausweisen, und sie werden nur an Kunden gesendet, die zuvor \u00e4hnliche Produkte oder Dienstleistungen in Anspruch genommen haben. Die Nutzer k\u00f6nnen dem Erhalt von Mitteilungen widersprechen, indem sie eine E-Mail senden an <a href=\"mailto:dpd@enigmiacorp.com\">dpd@enigmiacorp.com<\/a>.<\/p>\n\n\n\n<h3 class=\"wp-block-heading\">4. Ausschluss der Haftung.<\/h3>\n\n\n\n<h4 class=\"wp-block-heading\">4.1 Informationen.<\/h4>\n\n\n\n<p>Enigmia Digital, S.L. \u00fcbernimmt keine Verantwortung f\u00fcr Entscheidungen, die auf der Grundlage der Informationen des Portals getroffen werden, oder f\u00fcr Sch\u00e4den, die daraus entstehen.<\/p>\n\n\n\n<h4 class=\"wp-block-heading\">4.2 Verf\u00fcgbarkeit des Dienstes.<\/h4>\n\n\n\n<p>Der Zugang zum Portal h\u00e4ngt von den Diensten Dritter ab. Enigmia Digital, S.L. \u00fcbernimmt keine Verantwortung f\u00fcr Unterbrechungen, Stornierungen oder nicht verf\u00fcgbaren Zugang.<\/p>\n\n\n\n<h4 class=\"wp-block-heading\">4.3 Verkn\u00fcpfte Inhalte und Dienste.<\/h4>\n\n\n\n<p>Enigmia Digital, S.L. ist nicht verantwortlich f\u00fcr den Inhalt der verlinkten Seiten, es sei denn, sie hat tats\u00e4chliche Kenntnis von deren Rechtswidrigkeit und handelt nicht mit der gebotenen Sorgfalt. Das Vorhandensein von Links bedeutet nicht, Zustimmung, Sponsoring oder Identifikation mit ihnen.<\/p>\n\n\n\n<h3 class=\"wp-block-heading\">5. Geistiges und gewerbliches Eigentum.<\/h3>\n\n\n\n<p>Der gesamte Inhalt des Portals ist Eigentum von Enigmia Digital, S.L. oder von Dritten. Der Zugang zum Portal bedeutet nicht die \u00dcbertragung von Nutzungsrechten. Die Marken oder Erkennungszeichen sind ebenfalls Eigentum von Enigmia Digital, S.L. oder von Dritten.<\/p>\n\n\n\n<h3 class=\"wp-block-heading\">6. Kontakt mit Enigmia Digital, S.L.<\/h3>\n\n\n\n<p>Wenn Sie Fragen, Beschwerden oder Vorschl\u00e4ge zu dieser Datenschutzrichtlinie haben, k\u00f6nnen Sie uns unter der Telefonnummer 927 289 680 kontaktieren. Wir empfehlen Ihnen, diese Seite regelm\u00e4\u00dfig zu besuchen, um sich \u00fcber \u00c4nderungen zu informieren.<\/p>\n\n\n\n<h3 class=\"wp-block-heading\">7. Meldung von illegalen oder unangemessenen Aktivit\u00e4ten.<\/h3>\n\n\n\n<p>Wenn ein Benutzer illegale Inhalte auf den verlinkten Seiten entdeckt, kann er\/sie Enigmia Digital, S.L. dar\u00fcber informieren:<\/p>\n\n\n\n<ul class=\"wp-block-list\">\n<li>Pers\u00f6nliche Daten des Anrufers.<\/li>\n\n\n\n<li>Beschreibung des Sachverhalts.<\/li>\n\n\n\n<li>Angaben zum Inhaber der verletzten Rechte (falls abweichend).<\/li>\n\n\n\n<li>Erkl\u00e4rung \u00fcber die Wahrhaftigkeit des Inhalts der Mitteilung.<\/li>\n<\/ul>\n\n\n\n<h3 class=\"wp-block-heading\">8. Die Gesetzgebung.<\/h3>\n\n\n\n<p>Dieser rechtliche Hinweis unterliegt der Verordnung (EU) 2016\/679 (RGPD), LO 3\/2018 PDGDD, dem Gesetz 34\/2002 (LSSICE) und anderen geltenden spanischen und europ\u00e4ischen Rechtsvorschriften.<\/p>\n\n\n\n<div style=\"height:100px\" aria-hidden=\"true\" class=\"wp-block-spacer\"><\/div>","protected":false},"excerpt":{"rendered":"<p>Con el presente aviso, Enigmia Digital, S.L. da cumplimiento a las obligaciones dispuestas en la Ley 34\/2002, de 11 de julio, de Servicios de la Sociedad de la Informaci\u00f3n y del Comercio Electr\u00f3nico (LSSICE), e informa a todos los usuarios del sitio web respecto a cu\u00e1les son las condiciones de uso. Toda persona que acceda [&hellip;]<\/p>\n","protected":false},"author":1,"featured_media":0,"parent":0,"menu_order":0,"comment_status":"closed","ping_status":"closed","template":"","meta":{"_acf_changed":false,"footnotes":""},"design":[],"class_list":["post-16525","page","type-page","status-publish","hentry"],"acf":[],"_links":{"self":[{"href":"https:\/\/enigmia.es\/de\/wp-json\/wp\/v2\/pages\/16525","targetHints":{"allow":["GET"]}}],"collection":[{"href":"https:\/\/enigmia.es\/de\/wp-json\/wp\/v2\/pages"}],"about":[{"href":"https:\/\/enigmia.es\/de\/wp-json\/wp\/v2\/types\/page"}],"author":[{"embeddable":true,"href":"https:\/\/enigmia.es\/de\/wp-json\/wp\/v2\/users\/1"}],"replies":[{"embeddable":true,"href":"https:\/\/enigmia.es\/de\/wp-json\/wp\/v2\/comments?post=16525"}],"version-history":[{"count":0,"href":"https:\/\/enigmia.es\/de\/wp-json\/wp\/v2\/pages\/16525\/revisions"}],"wp:attachment":[{"href":"https:\/\/enigmia.es\/de\/wp-json\/wp\/v2\/media?parent=16525"}],"wp:term":[{"taxonomy":"design","embeddable":true,"href":"https:\/\/enigmia.es\/de\/wp-json\/wp\/v2\/design?post=16525"}],"curies":[{"name":"wp","href":"https:\/\/api.w.org\/{rel}","templated":true}]}}