{"id":16527,"date":"2025-02-05T13:04:15","date_gmt":"2025-02-05T12:04:15","guid":{"rendered":"https:\/\/enigmia.es\/?page_id=16527"},"modified":"2025-02-05T13:04:17","modified_gmt":"2025-02-05T12:04:17","slug":"cookie-richtlinie","status":"publish","type":"page","link":"https:\/\/enigmia.es\/de\/politica-de-cookies\/","title":{"rendered":"Cookies-Politik"},"content":{"rendered":"<h6 class=\"wp-block-heading\" id=\"headline-3-228\">Was ist ein Cookie?<\/h6>\n\n\n\n<p>Ein Cookie ist eine harmlose Textdatei, die beim Besuch fast jeder Website in Ihrem Browser gespeichert wird. Cookies dienen dazu, dass sich die Website an Ihren Besuch erinnert, wenn Sie die Seite erneut besuchen. Vielen ist es nicht bewusst, aber Cookies werden bereits seit 20 Jahren verwendet, seit den ersten Browsern f\u00fcr das World Wide Web.<\/p>\n\n\n\n<h6 class=\"wp-block-heading\" id=\"headline-7-228\">Was ist KEIN Keks?<\/h6>\n\n\n\n<p>Es handelt sich nicht um einen Virus, ein Trojanisches Pferd, einen Wurm, Spam oder Spyware, und es \u00f6ffnet auch keine Pop-up-Fenster.<\/p>\n\n\n\n<h6 class=\"wp-block-heading\" id=\"headline-11-228\">Welche Informationen speichert ein Cookie?<\/h6>\n\n\n\n<p>Cookies speichern in der Regel keine sensiblen Daten wie Kreditkarten- oder Bankdaten, Fotos, Ihren Ausweis oder andere pers\u00f6nliche Informationen. Die gespeicherten Daten sind technischer Natur und umfassen beispielsweise pers\u00f6nliche Pr\u00e4ferenzen, Inhaltsanpassungen usw.<\/p>\n\n\n\n<p>Der Webserver ordnet Sie nicht Ihrer Person zu, sondern Ihrem Webbrowser. Wenn Sie beispielsweise normalerweise mit dem Internet Explorer surfen und dann dieselbe Website mit Firefox oder Chrome aufrufen, werden Sie feststellen, dass die Website Sie nicht als dieselbe Person erkennt, da sie den Browser und nicht Sie pers\u00f6nlich identifiziert.<\/p>\n\n\n\n<h6 class=\"wp-block-heading\" id=\"headline-15-228\">Welche Arten von Cookies gibt es?<\/h6>\n\n\n\n<ul class=\"wp-block-list\">\n<li>Technische Cookies: Dies sind die grundlegendsten Cookies und erm\u00f6glichen unter anderem, zu erkennen, wann ein Mensch oder eine automatisierte Anwendung surft, wann ein anonymer Benutzer und wann ein registrierter Benutzer surft, sowie grundlegende Aufgaben f\u00fcr den Betrieb jeder dynamischen Website.<\/li>\n\n\n\n<li>Analyse-Cookies: Diese sammeln Informationen \u00fcber Ihre Browsing-Aktivit\u00e4ten, die am h\u00e4ufigsten genutzten Bereiche, angesehene Produkte, Tageszeit, Sprache usw.<\/li>\n\n\n\n<li>Werbe-Cookies: Sie zeigen Werbung basierend auf Ihrem Surfverhalten, Ihrem Herkunftsland, Ihrer Sprache usw.<\/li>\n<\/ul>\n\n\n\n<h6 class=\"wp-block-heading\" id=\"headline-20-228\">Was sind Erstanbieter- und Drittanbieter-Cookies?<\/h6>\n\n\n\n<p>Erstanbieter-Cookies sind Cookies, die von der Seite generiert werden, die Sie besuchen, und Drittanbieter-Cookies sind solche, die von externen Diensten oder Anbietern wie Facebook, Twitter, Google usw. generiert werden.<\/p>\n\n\n\n<h6 class=\"wp-block-heading\" id=\"headline-24-228\">Was passiert, wenn ich Cookies deaktiviere?<\/h6>\n\n\n\n<p>Um Ihnen die Auswirkungen der Deaktivierung von Cookies zu verdeutlichen, zeigen wir Ihnen einige Beispiele.<br>Beispiele:<\/p>\n\n\n\n<ul class=\"wp-block-list\">\n<li>Sie k\u00f6nnen keine Inhalte von dieser Website auf Facebook, Twitter oder anderen sozialen Netzwerken teilen.<\/li>\n\n\n\n<li>Die Website wird den Inhalt nicht an Ihre pers\u00f6nlichen Vorlieben anpassen k\u00f6nnen, wie es in Online-Shops \u00fcblicherweise der Fall ist.<\/li>\n\n\n\n<li>Sie werden keinen Zugriff auf Ihren pers\u00f6nlichen Bereich dieser Website haben, wie zum Beispiel Mein Konto, Mein Profil oder Meine Bestellungen.<\/li>\n\n\n\n<li>Online-Shops: Online-Eink\u00e4ufe sind nicht m\u00f6glich; Sie m\u00fcssen Ihre Eink\u00e4ufe telefonisch oder, falls vorhanden, pers\u00f6nlich im Ladengesch\u00e4ft t\u00e4tigen.<\/li>\n\n\n\n<li>Es wird nicht m\u00f6glich sein, Ihre geografischen Einstellungen wie Zeitzone, W\u00e4hrung oder Sprache anzupassen.<\/li>\n\n\n\n<li>Die Website wird nicht in der Lage sein, Webanalysen \u00fcber Besucher und Webverkehr durchzuf\u00fchren, was es der Website erschweren wird, wettbewerbsf\u00e4hig zu sein.<\/li>\n\n\n\n<li>Sie k\u00f6nnen keine Blogbeitr\u00e4ge verfassen, Fotos hochladen, Kommentare abgeben oder Inhalte bewerten. Die Website kann au\u00dferdem nicht feststellen, ob Sie ein Mensch oder eine automatisierte Anwendung sind, die Spam versendet.<\/li>\n\n\n\n<li>Gezielte Werbung wird nicht erlaubt sein, was die Werbeeinnahmen der Website verringern wird.<\/li>\n\n\n\n<li>Alle sozialen Netzwerke verwenden Cookies; wenn Sie diese deaktivieren, k\u00f6nnen Sie kein soziales Netzwerk nutzen.<\/li>\n<\/ul>\n\n\n\n<h6 class=\"wp-block-heading\" id=\"headline-27-228\">K\u00f6nnen Cookies gel\u00f6scht werden?<\/h6>\n\n\n\n<p>Ja. Nicht nur l\u00f6schen, sondern auch blockieren, entweder allgemein oder speziell f\u00fcr eine bestimmte Domain.<\/p>\n\n\n\n<p>Um Cookies von einer Website zu l\u00f6schen, m\u00fcssen Sie die Einstellungen Ihres Browsers aufrufen. Dort finden Sie die Cookies, die mit der betreffenden Domain verkn\u00fcpft sind, und k\u00f6nnen diese anschlie\u00dfend l\u00f6schen.<\/p>\n\n\n\n<h6 class=\"wp-block-heading\" id=\"headline-31-228\">Cookie-Einstellungen f\u00fcr die g\u00e4ngigsten Browser<\/h6>\n\n\n\n<p>Im Folgenden erkl\u00e4ren wir, wie man auf einen bestimmten Browser-Cookie zugreift. <strong>Chrom<\/strong>. Hinweis: Diese Schritte k\u00f6nnen je nach Browserversion variieren.<\/p>\n\n\n\n<ol class=\"wp-block-list\">\n<li>Sie k\u00f6nnen \u00fcber das Men\u00fc \u201eDatei\u201c oder durch Anklicken des Anpassungssymbols, das oben rechts erscheint, zu \u201eEinstellungen\u201c oder \u201ePr\u00e4ferenzen\u201c gelangen.<\/li>\n\n\n\n<li>Sie sehen nun verschiedene Abschnitte. Klicken Sie auf die Option \u201eErweiterte Optionen anzeigen\u201c.<\/li>\n\n\n\n<li>Gehen Sie zu Datenschutz, Inhaltseinstellungen.<\/li>\n\n\n\n<li>Alle Cookies und Websitedaten ausw\u00e4hlen.<\/li>\n\n\n\n<li>Es erscheint eine Liste aller Cookies, sortiert nach Domain. Um die Cookies einer bestimmten Domain leichter zu finden, geben Sie die Adresse teilweise oder vollst\u00e4ndig in das Suchfeld ein.<\/li>\n\n\n\n<li>Nach Anwendung dieses Filters erscheinen eine oder mehrere Zeilen mit den Cookies der angeforderten Website auf dem Bildschirm. W\u00e4hlen Sie diese nun einfach aus und dr\u00fccken Sie das X, um sie zu l\u00f6schen.<\/li>\n<\/ol>\n\n\n\n<p>Um auf die Cookie-Einstellungen Ihres Browsers zuzugreifen <strong>Internet Explorer<\/strong> Folgen Sie diesen Schritten (diese k\u00f6nnen je nach Browserversion variieren):<\/p>\n\n\n\n<ol class=\"wp-block-list\">\n<li>Gehen Sie zu Extras, Internetoptionen<\/li>\n\n\n\n<li>Klicken Sie auf Datenschutz.<\/li>\n\n\n\n<li>Mit dem Schieberegler k\u00f6nnen Sie den gew\u00fcnschten Grad an Privatsph\u00e4re einstellen.<\/li>\n<\/ol>\n\n\n\n<p>Um auf die Cookie-Einstellungen im Firefox-Browser zuzugreifen, befolgen Sie diese Schritte (diese k\u00f6nnen je nach Browserversion variieren):<\/p>\n\n\n\n<ol class=\"wp-block-list\">\n<li>Gehen Sie je nach Betriebssystem zu Optionen oder Einstellungen.<\/li>\n\n\n\n<li>Klicken Sie auf Datenschutz.<\/li>\n\n\n\n<li>Unter Verlauf w\u00e4hlen Sie \u201eBenutzerdefinierte Einstellungen f\u00fcr den Verlauf verwenden\u201c.<\/li>\n\n\n\n<li>Sie sehen nun die Option \u201eCookies akzeptieren\u201c; Sie k\u00f6nnen diese je nach Ihren Pr\u00e4ferenzen aktivieren oder deaktivieren.<\/li>\n<\/ol>\n\n\n\n<p>Um auf die Cookie-Einstellungen im Safari-Browser f\u00fcr OSX zuzugreifen, befolgen Sie diese Schritte (diese k\u00f6nnen je nach Browserversion variieren):<\/p>\n\n\n\n<ol class=\"wp-block-list\">\n<li>Gehen Sie zu Einstellungen, dann zu Datenschutz.<\/li>\n\n\n\n<li>Hier finden Sie die Option \u201eCookies blockieren\u201c, mit der Sie die Art der Blockierung festlegen k\u00f6nnen.<\/li>\n<\/ol>\n\n\n\n<p>Um auf die Cookie-Einstellungen im Safari-Browser f\u00fcr iOS zuzugreifen, befolgen Sie diese Schritte (diese k\u00f6nnen je nach Browserversion variieren):<\/p>\n\n\n\n<ol class=\"wp-block-list\">\n<li>Gehen Sie zu Einstellungen, dann zu Safari.<\/li>\n\n\n\n<li>Gehen Sie zu Datenschutz und Sicherheit. Dort finden Sie die Option \u201eCookies blockieren\u201c, mit der Sie die Art der Blockierung anpassen k\u00f6nnen.<\/li>\n<\/ol>\n\n\n\n<p>Um auf die Cookie-Einstellungen Ihres Browsers auf Android-Ger\u00e4ten zuzugreifen, befolgen Sie diese Schritte (diese k\u00f6nnen je nach Browserversion variieren):<\/p>\n\n\n\n<ol class=\"wp-block-list\">\n<li>\u00d6ffnen Sie den Browser und dr\u00fccken Sie die Men\u00fctaste, dann Einstellungen.<\/li>\n\n\n\n<li>Gehen Sie zu \u201eSicherheit und Datenschutz\u201c. Dort finden Sie die Option \u201eCookies akzeptieren\u201c, mit der Sie das Kontrollk\u00e4stchen aktivieren oder deaktivieren k\u00f6nnen.<\/li>\n<\/ol>\n\n\n\n<p>Um auf die Cookie-Einstellungen Ihres Browsers auf Windows Phone-Ger\u00e4ten zuzugreifen, befolgen Sie diese Schritte (diese k\u00f6nnen je nach Browserversion variieren):<\/p>\n\n\n\n<ol class=\"wp-block-list\">\n<li>\u00d6ffnen Sie Internet Explorer, dann \u201eMehr\u201c und anschlie\u00dfend \u201eEinstellungen\u201c.<\/li>\n\n\n\n<li>Sie k\u00f6nnen die Option \u201eCookies zulassen\u201c jetzt aktivieren oder deaktivieren.<\/li>\n<\/ol>","protected":false},"excerpt":{"rendered":"<p>\u00bfQu\u00e9 es una cookie? Una cookie es un fichero de texto inofensivo que se almacena en su navegador cuando&nbsp;visita casi cualquier p\u00e1gina web. La utilidad de la cookiees que la web sea capaz de&nbsp;recordar su visita cuando vuelva a navegar por esa p\u00e1gina. Aunque mucha gente no lo&nbsp;sabe las cookies se llevan utilizando desde hace [&hellip;]<\/p>\n","protected":false},"author":1,"featured_media":0,"parent":0,"menu_order":0,"comment_status":"closed","ping_status":"closed","template":"","meta":{"_acf_changed":false,"footnotes":""},"design":[],"class_list":["post-16527","page","type-page","status-publish","hentry"],"acf":[],"_links":{"self":[{"href":"https:\/\/enigmia.es\/de\/wp-json\/wp\/v2\/pages\/16527","targetHints":{"allow":["GET"]}}],"collection":[{"href":"https:\/\/enigmia.es\/de\/wp-json\/wp\/v2\/pages"}],"about":[{"href":"https:\/\/enigmia.es\/de\/wp-json\/wp\/v2\/types\/page"}],"author":[{"embeddable":true,"href":"https:\/\/enigmia.es\/de\/wp-json\/wp\/v2\/users\/1"}],"replies":[{"embeddable":true,"href":"https:\/\/enigmia.es\/de\/wp-json\/wp\/v2\/comments?post=16527"}],"version-history":[{"count":0,"href":"https:\/\/enigmia.es\/de\/wp-json\/wp\/v2\/pages\/16527\/revisions"}],"wp:attachment":[{"href":"https:\/\/enigmia.es\/de\/wp-json\/wp\/v2\/media?parent=16527"}],"wp:term":[{"taxonomy":"design","embeddable":true,"href":"https:\/\/enigmia.es\/de\/wp-json\/wp\/v2\/design?post=16527"}],"curies":[{"name":"wp","href":"https:\/\/api.w.org\/{rel}","templated":true}]}}