{"id":16529,"date":"2025-02-05T13:04:30","date_gmt":"2025-02-05T12:04:30","guid":{"rendered":"https:\/\/enigmia.es\/?page_id=16529"},"modified":"2025-06-18T18:38:06","modified_gmt":"2025-06-18T16:38:06","slug":"datenschutzrichtlinie","status":"publish","type":"page","link":"https:\/\/enigmia.es\/de\/politica-de-privacidad\/","title":{"rendered":"Datenschutzbestimmungen"},"content":{"rendered":"<p>Enigmia Digital, SL legt gro\u00dfen Wert auf den Schutz der Privatsph\u00e4re ihrer Website-Besucher. Bitte lesen Sie unsere Datenschutzrichtlinie, um zu erfahren, wie wir mit den von Ihnen bereitgestellten Informationen umgehen. Durch das Senden von Mitteilungen oder Nachrichten mit personenbezogenen Daten \u00fcber diese Website erkl\u00e4ren Sie sich mit unserer Datenschutzrichtlinie einverstanden.<\/p>\n\n\n\n<h3 class=\"wp-block-heading\">1. Schutz personenbezogener Daten. Grundlegende Informationen.<\/h3>\n\n\n\n<p><strong>Verantwortlicher f\u00fcr die Datenverarbeitung:<\/strong><\/p>\n\n\n\n<ul class=\"wp-block-list\">\n<li>Enigma Digital, SL.<\/li>\n\n\n\n<li>CIF: B-10978427<\/li>\n\n\n\n<li>Postanschrift: Avda. Hern\u00e1n Cort\u00e9s, 5, Erdgeschoss. 10001-C\u00e1ceres<\/li>\n\n\n\n<li>Telefon: 927 289 680<\/li>\n\n\n\n<li>Zweck: Gesch\u00e4ftsbeziehung.<\/li>\n<\/ul>\n\n\n\n<p><strong>Legitimation:<\/strong> Vertragserf\u00fcllung und berechtigtes Interesse des Verantwortlichen<\/p>\n\n\n\n<p><strong>Empf\u00e4nger:<\/strong> Die Daten werden nicht an Dritte weitergegeben, es sei denn, das Gesetz sieht dies vor oder erlaubt es.<\/p>\n\n\n\n<p><strong>Rechte:<\/strong> Sie haben das Recht, eine Best\u00e4tigung dar\u00fcber zu erhalten, ob Enigmia Digital, SL Ihre personenbezogenen Daten verarbeitet. Daher haben Sie das Recht, auf Ihre personenbezogenen Daten zuzugreifen, unrichtige Daten zu berichtigen oder deren L\u00f6schung zu verlangen, wenn die Daten nicht mehr ben\u00f6tigt werden, sowie unter bestimmten Umst\u00e4nden das Recht auf Daten\u00fcbertragbarkeit. Sie k\u00f6nnen diese Rechte aus\u00fcben, indem Sie uns unter der folgenden E-Mail-Adresse kontaktieren: <a href=\"mailto:dpd@enigmiacorp.com\">dpd@enigmiacorp.com<\/a>. Sie haben au\u00dferdem das Recht, eine Beschwerde bei der spanischen Datenschutzbeh\u00f6rde einzureichen.<\/p>\n\n\n\n<h3 class=\"wp-block-heading\">2. Schutz personenbezogener Daten. Weitere Informationen.<\/h3>\n\n\n\n<h4 class=\"wp-block-heading\">2.1. Datenverarbeitung.<\/h4>\n\n\n\n<p>Die \u00fcber die Datenerfassungsformulare des Portals erhobenen Daten werden von Enigmia Digital, SL gem\u00e4\u00df den Bestimmungen der Datenschutz-Grundverordnung und des spanischen Organgesetzes 3\/2018 vom 5. Dezember \u00fcber den Schutz personenbezogener Daten und die Gew\u00e4hrleistung digitaler Rechte verarbeitet.<\/p>\n\n\n\n<p>Diese Daten werden in die entsprechenden Dateien von Enigmia Digital, SL aufgenommen und in Bezug auf die betroffene Person rechtm\u00e4\u00dfig, fair und transparent verarbeitet.<\/p>\n\n\n\n<p><strong>Die erhobenen Daten werden f\u00fcr folgende Zwecke verwendet:<\/strong><\/p>\n\n\n\n<ul class=\"wp-block-list\">\n<li>Zur Bereitstellung von Waren und Dienstleistungen f\u00fcr unsere Kunden.<\/li>\n\n\n\n<li>Zur Pflege unserer Beziehungen zu unseren Lieferanten.<\/li>\n\n\n\n<li>Zur Erf\u00fcllung des Arbeits- oder Vertragsverh\u00e4ltnisses.<\/li>\n\n\n\n<li>F\u00fcr die Auswahlverfahren.<\/li>\n\n\n\n<li>Zur Durchf\u00fchrung von Marketing- und Direktmarketingaktivit\u00e4ten.<\/li>\n<\/ul>\n\n\n\n<h4 class=\"wp-block-heading\">2.2. Einreichen eines Lebenslaufs.<\/h4>\n\n\n\n<p>Lebensl\u00e4ufe und Bewerbungen, die \u00fcber die Formulare, E-Mail-Adressen oder Links auf dieser Seite eingehen, werden von Enigmia Digital, SL gem\u00e4\u00df den Bestimmungen des vorangegangenen Abschnitts bearbeitet und k\u00f6nnen in den Personalauswahlprozessen von Enigmia Digital, SL verwendet werden.<\/p>\n\n\n\n<h4 class=\"wp-block-heading\">2.3. Rechte der Beteiligten.<\/h4>\n\n\n\n<p>Der Nutzer hat das Recht, eine Best\u00e4tigung dar\u00fcber zu erhalten, ob Enigmia Digital, SL personenbezogene Daten \u00fcber ihn verarbeitet.<\/p>\n\n\n\n<p>Nutzer haben das Recht, auf ihre personenbezogenen Daten zuzugreifen sowie die Berichtigung unrichtiger Daten zu verlangen oder, falls angebracht, deren L\u00f6schung zu verlangen, wenn die Daten unter anderem f\u00fcr die Zwecke, f\u00fcr die sie erhoben wurden, nicht mehr erforderlich sind.<\/p>\n\n\n\n<p>Unter bestimmten Umst\u00e4nden k\u00f6nnen Nutzer die Einschr\u00e4nkung der Verarbeitung ihrer Daten verlangen; in diesem Fall speichern wir sie nur noch zur Geltendmachung oder Verteidigung von Rechtsanspr\u00fcchen.<\/p>\n\n\n\n<p>Unter bestimmten Umst\u00e4nden und aus Gr\u00fcnden, die sich aus ihrer besonderen Situation ergeben, k\u00f6nnen betroffene Personen der Verarbeitung ihrer Daten widersprechen. In solchen F\u00e4llen wird Enigmia Digital, SL die Datenverarbeitung einstellen, es sei denn, es liegen zwingende berechtigte Gr\u00fcnde vor oder die Verarbeitung dient der Geltendmachung, Aus\u00fcbung oder Verteidigung von Rechtsanspr\u00fcchen.<\/p>\n\n\n\n<p>Zur Aus\u00fcbung ihrer Rechte muss die betroffene Person eine E-Mail an die folgende Adresse senden: <a href=\"mailto:dpd@enigmiacorp.com\"><a href=\"mailto:dpd@enigmiacorp.com\">dpd@enigmiacorp.com<\/a><\/a> Ihr Antrag muss folgende Angaben enthalten: vollst\u00e4ndiger Name des Nutzers, Adresse f\u00fcr Benachrichtigungszwecke, eine Kopie des Personalausweises oder Reisepasses sowie eine klare Beschreibung des Anliegens. Falls Sie als Vertreter handeln, m\u00fcssen Sie dies durch ein rechtsg\u00fcltiges Dokument nachweisen.<\/p>\n\n\n\n<h4 class=\"wp-block-heading\">2.4. Annahme von Sicherheitsma\u00dfnahmen.<\/h4>\n\n\n\n<p>Die Datenverarbeitung gew\u00e4hrleistet eine angemessene Sicherheit der Daten, einschlie\u00dflich des Schutzes vor unbefugter oder unrechtm\u00e4\u00dfiger Verarbeitung sowie vor versehentlichem Verlust, Zerst\u00f6rung oder Besch\u00e4digung, durch die Anwendung geeigneter technischer oder organisatorischer Ma\u00dfnahmen.<\/p>\n\n\n\n<h4 class=\"wp-block-heading\">2.5. Pers\u00f6nliche Daten von Minderj\u00e4hrigen.<\/h4>\n\n\n\n<p>Enigmia Digital, SL ist der Ansicht, dass Kinder besonderen Schutz ihrer personenbezogenen Daten verdienen, da sie sich der Risiken, Folgen, Schutzma\u00dfnahmen und Rechte im Zusammenhang mit der Verarbeitung personenbezogener Daten m\u00f6glicherweise weniger bewusst sind. Dieser besondere Schutz sollte insbesondere f\u00fcr die Verwendung personenbezogener Daten von Kindern zu Marketingzwecken oder zur Erstellung von Pers\u00f6nlichkeits- oder Nutzerprofilen sowie f\u00fcr die Erhebung personenbezogener Daten von Kindern bei der Nutzung von Diensten gelten, die direkt an Kinder gerichtet sind.<\/p>\n\n\n\n<p>Enigmia Digital, SL h\u00e4lt sich an das \u00dcbereinkommen vom 20. November 1989 \u00fcber die Rechte des Kindes, das von der Generalversammlung der Vereinten Nationen verabschiedet wurde, und an das spanische Organgesetz 1\/1996 vom 15. Januar \u00fcber den Rechtsschutz von Minderj\u00e4hrigen, das vom spanischen Parlament verabschiedet wurde, sowie an \u00e4hnliche Gesetze, die in anderen L\u00e4ndern zum Schutz von Minderj\u00e4hrigen erlassen wurden.<\/p>\n\n\n\n<h3 class=\"wp-block-heading\">3. Gesetzgebung.<\/h3>\n\n\n\n<p>Dieser Rechtshinweis unterliegt in jeder Hinsicht der Verordnung (EU) 2016\/679 (DSGVO), dem spanischen Gesetz LO 3\/2018 PDGDD und anderen anwendbaren spanischen und europ\u00e4ischen Vorschriften.<\/p>","protected":false},"excerpt":{"rendered":"<p>Enigmia Digital, S.L. adquiere el compromiso de salvaguardar la privacidad de los visitantes de su p\u00e1gina web. Lea nuestra pol\u00edtica de privacidad a fin de informarse de c\u00f3mo es tratada la informaci\u00f3n que nos proporcione. El env\u00edo de comunicaciones o mensajes con datos personales a trav\u00e9s de esta p\u00e1gina web implica la conformidad con la [&hellip;]<\/p>\n","protected":false},"author":1,"featured_media":0,"parent":0,"menu_order":0,"comment_status":"closed","ping_status":"closed","template":"","meta":{"_acf_changed":false,"footnotes":""},"design":[],"class_list":["post-16529","page","type-page","status-publish","hentry"],"acf":[],"_links":{"self":[{"href":"https:\/\/enigmia.es\/de\/wp-json\/wp\/v2\/pages\/16529","targetHints":{"allow":["GET"]}}],"collection":[{"href":"https:\/\/enigmia.es\/de\/wp-json\/wp\/v2\/pages"}],"about":[{"href":"https:\/\/enigmia.es\/de\/wp-json\/wp\/v2\/types\/page"}],"author":[{"embeddable":true,"href":"https:\/\/enigmia.es\/de\/wp-json\/wp\/v2\/users\/1"}],"replies":[{"embeddable":true,"href":"https:\/\/enigmia.es\/de\/wp-json\/wp\/v2\/comments?post=16529"}],"version-history":[{"count":0,"href":"https:\/\/enigmia.es\/de\/wp-json\/wp\/v2\/pages\/16529\/revisions"}],"wp:attachment":[{"href":"https:\/\/enigmia.es\/de\/wp-json\/wp\/v2\/media?parent=16529"}],"wp:term":[{"taxonomy":"design","embeddable":true,"href":"https:\/\/enigmia.es\/de\/wp-json\/wp\/v2\/design?post=16529"}],"curies":[{"name":"wp","href":"https:\/\/api.w.org\/{rel}","templated":true}]}}