{"id":17484,"date":"2025-06-18T12:37:55","date_gmt":"2025-06-18T10:37:55","guid":{"rendered":"https:\/\/enigmia.es\/?page_id=17484"},"modified":"2025-06-18T18:38:46","modified_gmt":"2025-06-18T16:38:46","slug":"whistleblower-kanal","status":"publish","type":"page","link":"https:\/\/enigmia.es\/de\/canal-de-denuncias\/","title":{"rendered":"Kanal f\u00fcr Reklamationen"},"content":{"rendered":"<p><br>Internes Informationssystem von ENIGMIA DIGITAL, gem\u00e4\u00df Gesetz 2\/2023 vom 20. Februar zur Regelung des Schutzes von Personen, die Verst\u00f6\u00dfe gegen die Vorschriften melden, und zur Bek\u00e4mpfung der Korruption.<\/p>\n\n\n\n<h2 class=\"wp-block-heading\">Was ist das?<\/h2>\n\n\n\n<p>Die <strong>Internes Informationssystem<\/strong> von <strong>DIGITALES R\u00c4TSEL<\/strong> ist ein\/e <strong>sicherer Kanal oder Weg zur Teilnahme<\/strong>&nbsp;die es erm\u00f6glicht, \u00fcber Handlungen oder Unterlassungen zu berichten, die den Grunds\u00e4tzen guter Regierungsf\u00fchrung widersprechen, insbesondere \u00fcber Verst\u00f6\u00dfe gegen die Regeln, die eine Straftat oder eine schwere Ordnungswidrigkeit darstellen k\u00f6nnen, sowie gegen die Regeln der Europ\u00e4ischen Union.<\/p>\n\n\n\n<p>Es umfasst Mechanismen zur Gew\u00e4hrleistung der&nbsp;<strong>Vertraulichkeit&nbsp;<\/strong>aller Informationen und&nbsp;<strong>Es bietet einen sicheren Kommunikationsraum, der Anonymit\u00e4t erm\u00f6glicht.<\/strong>&nbsp;um den Kontakt zum Unternehmen aufrechtzuerhalten. Ziel ist es, dies zu f\u00f6rdern.&nbsp;<strong>Jeder Mitarbeiter oder jede mit ENIGMIA DIGITAL verbundene Person kann frei Informationen weitergeben, ohne Repressalien bef\u00fcrchten zu m\u00fcssen.<\/strong> Es beinhaltet auch Werkzeuge f\u00fcr&nbsp;<strong>um die Rechte der von den Informationen betroffenen Personen zu gew\u00e4hrleisten.<\/strong><\/p>\n\n\n\n<h2 class=\"wp-block-heading\">Kan\u00e4le<\/h2>\n\n\n\n<p>Das interne Informationssystem integriert die verschiedenen Meldekan\u00e4le, um die \u00dcbermittlung von Informationen \u00fcber Verst\u00f6\u00dfe gegen den Ethikkodex oder verbindliche Protokolle zu erm\u00f6glichen.<strong>.<\/strong><\/p>\n\n\n\n<p>Je nachdem, welche Art von Information Sie \u00fcbermitteln m\u00f6chten, k\u00f6nnen Sie den am besten geeigneten Kanal von ENIGMIA DIGITAL nutzen. Konkret stehen Ihnen folgende Kan\u00e4le zur Verf\u00fcgung:<\/p>\n\n\n\n<p><strong>Ethikkanal: <\/strong>Verst\u00f6\u00dfe gegen den ENIGMIA DIGITAL-Verhaltenskodex, die keine Bel\u00e4stigung darstellen, zu melden.&nbsp;<\/p>\n\n\n\n<p><strong>Protokollkanal gegen Bel\u00e4stigung und Diskriminierung:<\/strong> um Verhaltensweisen zu melden, die Bel\u00e4stigung am Arbeitsplatz, sexuelle Bel\u00e4stigung oder Bel\u00e4stigung aufgrund des Geschlechts darstellen.&nbsp;<\/p>\n\n\n\n<p>Zu diesem Zweck steht folgende E-Mail-Adresse zur Verf\u00fcgung: <a href=\"mailto:canaletico@enigmiacorp.com\">canaletico@enigmiacorp.com<\/a><\/p>\n\n\n\n<h2 class=\"wp-block-heading\">Anforderungen<\/h2>\n\n\n\n<p>Es wird empfohlen, dass die Kommunikation die folgenden Anforderungen erf\u00fcllt:<\/p>\n\n\n\n<ul class=\"wp-block-list\">\n<li>Bitte legen Sie alle verf\u00fcgbaren Unterlagen zum gemeldeten Sachverhalt oder objektive Beweise zur Untermauerung Ihres Falls vor; es d\u00fcrfen keine Ma\u00dfnahmen allein auf Grundlage von Meinungen ergriffen werden. Ein entsprechendes Formular ist beigef\u00fcgt.<\/li>\n\n\n\n<li>Um hinreichende Gewissheit \u00fcber die \u00fcbermittelten Informationen zu haben.<\/li>\n\n\n\n<li>Mitteilungen, die unbegr\u00fcndet oder nachweislich falsch sind, werden nicht akzeptiert.<\/li>\n<\/ul>\n\n\n\n<h2 class=\"wp-block-heading\">Wie funktioniert es?<\/h2>\n\n\n\n<p>Sobald die Informationen eingegangen sind, wird dem Informanten innerhalb von sieben Kalendertagen nach Eingang der Mitteilung eine Empfangsbest\u00e4tigung zugesandt, es sei denn, dies k\u00f6nnte die Vertraulichkeit der Mitteilung gef\u00e4hrden oder der Informant hat ausdr\u00fccklich auf den Erhalt von Mitteilungen im Zusammenhang mit der Untersuchung verzichtet.<\/p>\n\n\n\n<p>Die f\u00fcr die Bearbeitung des Antrags zust\u00e4ndige Person entscheidet innerhalb einer Frist von h\u00f6chstens zehn Tagen ab dem Datum der Eintragung der Informationen in das Register:<\/p>\n\n\n\n<p>\u2013 Die Mitteilung entweder abzulehnen oder anzunehmen, wobei dem Informanten f\u00fcnf Tage Zeit gegeben wird, \u00fcber die getroffene Entscheidung informiert zu werden.<\/p>\n\n\n\n<p>\u2013 Leiten Sie die Informationen an die Staatsanwaltschaft weiter, wenn die Fakten auf eine Straftat hindeuten k\u00f6nnten, oder an die Beh\u00f6rde, Einrichtung oder Stelle, die f\u00fcr die Bearbeitung zust\u00e4ndig ist.<\/p>\n\n\n\n<p>Sobald der Bericht angenommen wurde, umfasst die Untersuchung alle Ma\u00dfnahmen zur \u00dcberpr\u00fcfung der Richtigkeit der darin enthaltenen Angaben. Die Frist f\u00fcr die Beantwortung der Untersuchungsma\u00dfnahmen darf drei Monate ab dem Datum des Eingangs des Berichts nicht \u00fcberschreiten.<\/p>\n\n\n\n<p>Sobald alle Verfahrensschritte abgeschlossen sind, erstellt der Ausbilder einen Bericht, auf dessen Grundlage der Channel Manager eine der folgenden Entscheidungen trifft:<\/p>\n\n\n\n<p>a) Akte ablegen.<\/p>\n\n\n\n<p>b) Weiterleitung an die Staatsanwaltschaft.<\/p>\n\n\n\n<p>c) Annahme einer Vereinbarung zur Einleitung eines Sanktionsverfahrens.<\/p>\n\n\n\n<p>Die Frist f\u00fcr den Abschluss des Verfahrens und die gegebenenfalls erforderliche Antwort an den Informanten darf drei Monate ab dem Datum der Registrierung der Information nicht \u00fcberschreiten. Unabh\u00e4ngig von der Entscheidung wird der Informant benachrichtigt, es sei denn, er hat auf dieses Recht verzichtet oder die Mitteilung erfolgt anonym.<\/p>\n\n\n\n<h2 class=\"wp-block-heading\">Schutz von Hinweisgebern<\/h2>\n\n\n\n<p>Der Kanal garantiert die Vertraulichkeit dieser Informationen gem\u00e4\u00df den gesetzlichen Bestimmungen sowie den Schutz der Rechte von Informanten und Beschuldigten.&nbsp;<\/p>\n\n\n\n<p>Personen, die Verst\u00f6\u00dfe melden oder offenlegen, haben Anspruch auf Schutz, sofern sie zum Zeitpunkt der Meldung oder Offenlegung hinreichend Grund zu der Annahme haben, dass die betreffenden Informationen wahrheitsgem\u00e4\u00df sind, selbst wenn sie keine schl\u00fcssigen Beweise vorlegen.<\/p>\n\n\n\n<p>Handlungen, die eine Vergeltungsma\u00dfnahme darstellen, einschlie\u00dflich Drohungen mit Vergeltung und Versuche der Vergeltung gegen Personen, die eine Mitteilung gem\u00e4\u00df diesem Verfahren einreichen, sind ausdr\u00fccklich verboten.<\/p>","protected":false},"excerpt":{"rendered":"<p>Sistema Interno de Informaci\u00f3n de ENIGMIA DIGITAL, conforme a la Ley 2\/2023, de 20 de febrero, reguladora de la protecci\u00f3n de las personas que informen sobre infracciones normativas y de lucha contra la corrupci\u00f3n. \u00bfQu\u00e9 es? El Sistema Interno de Informaci\u00f3n de ENIGMIA DIGITAL es un&nbsp;el cauce o canal seguro de participaci\u00f3n&nbsp;que permite informar sobre [&hellip;]<\/p>\n","protected":false},"author":2,"featured_media":0,"parent":0,"menu_order":0,"comment_status":"closed","ping_status":"closed","template":"","meta":{"_acf_changed":false,"footnotes":""},"design":[],"class_list":["post-17484","page","type-page","status-publish","hentry"],"acf":[],"_links":{"self":[{"href":"https:\/\/enigmia.es\/de\/wp-json\/wp\/v2\/pages\/17484","targetHints":{"allow":["GET"]}}],"collection":[{"href":"https:\/\/enigmia.es\/de\/wp-json\/wp\/v2\/pages"}],"about":[{"href":"https:\/\/enigmia.es\/de\/wp-json\/wp\/v2\/types\/page"}],"author":[{"embeddable":true,"href":"https:\/\/enigmia.es\/de\/wp-json\/wp\/v2\/users\/2"}],"replies":[{"embeddable":true,"href":"https:\/\/enigmia.es\/de\/wp-json\/wp\/v2\/comments?post=17484"}],"version-history":[{"count":0,"href":"https:\/\/enigmia.es\/de\/wp-json\/wp\/v2\/pages\/17484\/revisions"}],"wp:attachment":[{"href":"https:\/\/enigmia.es\/de\/wp-json\/wp\/v2\/media?parent=17484"}],"wp:term":[{"taxonomy":"design","embeddable":true,"href":"https:\/\/enigmia.es\/de\/wp-json\/wp\/v2\/design?post=17484"}],"curies":[{"name":"wp","href":"https:\/\/api.w.org\/{rel}","templated":true}]}}