{"id":16525,"date":"2025-02-05T13:03:42","date_gmt":"2025-02-05T12:03:42","guid":{"rendered":"https:\/\/enigmia.es\/?page_id=16525"},"modified":"2025-06-19T12:48:11","modified_gmt":"2025-06-19T10:48:11","slug":"avis-juridique","status":"publish","type":"page","link":"https:\/\/enigmia.es\/fr\/aviso-legal\/","title":{"rendered":"Avis juridique"},"content":{"rendered":"<p>Par le pr\u00e9sent avis, Enigmia Digital, S.L. se conforme aux obligations \u00e9tablies par la loi 34\/2002, du 11 juillet, sur les services de la soci\u00e9t\u00e9 de l'information et le commerce \u00e9lectronique (LSSICE), et informe tous les utilisateurs du site Web des conditions d'utilisation.<\/p>\n\n\n\n<p>Toute personne acc\u00e9dant \u00e0 ce site web assume le r\u00f4le d'utilisateur, s'engageant \u00e0 observer et \u00e0 respecter les conditions \u00e9nonc\u00e9es ici, ainsi que la politique de confidentialit\u00e9, la politique en mati\u00e8re de cookies et d'autres r\u00e9glementations l\u00e9gales applicables.<\/p>\n\n\n\n<h3 class=\"wp-block-heading\">1) Information juridique et acceptation.<\/h3>\n\n\n\n<p>Les pr\u00e9sentes dispositions r\u00e9gissent l'utilisation du service de portail Internet (ci-apr\u00e8s, le \u00abportail\u00bb) qu'Enigmia Digital, S.L. met \u00e0 la disposition des utilisateurs d'Internet.<\/p>\n\n\n\n<p>Enigmia Digital, S.L. a son si\u00e8ge social \u00e0 Avda. Hern\u00e1n Cort\u00e9s, 5, bajo. 10001-C\u00e1ceres, t\u00e9l\u00e9phone : 927 289 680. Enigmia Digital S.L. a son si\u00e8ge social \u00e0 l'adresse suivante : Avda. Hern\u00e1n Cort\u00e9s, 5, bajo. 10001-C\u00e1ceres, t\u00e9l\u00e9phone : 927 289 680. Elle est constitu\u00e9e par acte constitutif inscrit au registre du commerce de C\u00e1ceres, section 8, page CC 16610, 1\u00e8re inscription.<\/p>\n\n\n\n<p>L'acc\u00e8s au site est gratuit, \u00e0 l'exception du co\u00fbt de la connexion au r\u00e9seau de t\u00e9l\u00e9communications fourni par le fournisseur d'acc\u00e8s contract\u00e9 par les utilisateurs.<\/p>\n\n\n\n<p>L'utilisation du portail conf\u00e8re la condition d'utilisateur du portail (ci-apr\u00e8s, l\u00ab\u00bbutilisateur\") et implique l'acceptation de toutes les conditions incluses dans le pr\u00e9sent avis juridique. La prestation du service du portail est limit\u00e9e \u00e0 la p\u00e9riode pendant laquelle l'utilisateur est connect\u00e9 au portail ou \u00e0 l'un des services fournis par l'interm\u00e9diaire de celui-ci. Par cons\u00e9quent, l'utilisateur doit lire attentivement le pr\u00e9sent avis juridique chaque fois qu'il a l'intention d'utiliser le portail, \u00e9tant donn\u00e9 que le portail et ses conditions d'utilisation \u00e9nonc\u00e9es dans le pr\u00e9sent avis juridique peuvent faire l'objet de modifications.<\/p>\n\n\n\n<h3 class=\"wp-block-heading\">2. Conditions d'utilisation du portail.<\/h3>\n\n\n\n<h4 class=\"wp-block-heading\">2.1. G\u00e9n\u00e9ralit\u00e9s.<\/h4>\n\n\n\n<p>L'utilisateur s'engage \u00e0 utiliser correctement le portail conform\u00e9ment \u00e0 la loi et au pr\u00e9sent avis juridique. L'utilisateur sera responsable envers Enigmia Digital, S.L. ou envers des tiers de tout dommage pouvant r\u00e9sulter du non-respect de cette obligation.<\/p>\n\n\n\n<h4 class=\"wp-block-heading\">2.2 Contenu.<\/h4>\n\n\n\n<p>L'utilisateur s'engage \u00e0 utiliser le contenu conform\u00e9ment \u00e0 la loi et au pr\u00e9sent avis juridique, ainsi qu'\u00e0 toutes les autres conditions, r\u00e9glementations et instructions applicables.<\/p>\n\n\n\n<p>A titre d'exemple, l'utilisateur s'abstient de :<\/p>\n\n\n\n<ul class=\"wp-block-list\">\n<li>Reproduire, copier, distribuer, mettre \u00e0 disposition, communiquer publiquement, transformer ou modifier les contenus, sauf dans les cas autoris\u00e9s par la loi ou avec le consentement expr\u00e8s d'Enigmia Digital, S.L.<\/li>\n\n\n\n<li>Reproduire ou copier pour un usage priv\u00e9 les contenus consid\u00e9r\u00e9s comme des logiciels ou des bases de donn\u00e9es, ainsi que les communiquer publiquement ou les mettre \u00e0 la disposition de tiers lorsque cela implique une reproduction.<\/li>\n\n\n\n<li>Extraire ou r\u00e9utiliser la totalit\u00e9 ou une partie substantielle du contenu du portail ou des bases de donn\u00e9es disponibles.<\/li>\n\n\n\n<li>Utiliser les informations pour envoyer de la publicit\u00e9, \u00e0 des fins commerciales ou pour stocker des donn\u00e9es personnelles de tiers.<\/li>\n<\/ul>\n\n\n\n<h4 class=\"wp-block-heading\">2.3 Formulaires de collecte de donn\u00e9es.<\/h4>\n\n\n\n<p>Toutes les informations fournies par l'utilisateur doivent \u00eatre v\u00e9ridiques. L'utilisateur garantit l'authenticit\u00e9 des donn\u00e9es communiqu\u00e9es et est responsable de leur mise \u00e0 jour. L'utilisateur est responsable des d\u00e9clarations fausses ou inexactes et des dommages qu'elles causent.<\/p>\n\n\n\n<h4 class=\"wp-block-heading\">2.4 Introduction de liens vers le portail.<\/h4>\n\n\n\n<p>Les conditions d'acc\u00e8s au portail sont les suivantes :<\/p>\n\n\n\n<ul class=\"wp-block-list\">\n<li>Vous ne pouvez cr\u00e9er un lien que vers la page d'accueil.<\/li>\n\n\n\n<li>Il est interdit de reproduire le contenu du portail ou de cr\u00e9er des \u00abcadres\u00bb.<\/li>\n\n\n\n<li>Elle ne doit pas \u00eatre trompeuse, ni se livrer \u00e0 des actes de concurrence d\u00e9loyale, ni exploiter sa r\u00e9putation.<\/li>\n\n\n\n<li>Aucune d\u00e9claration fausse ou inexacte ne peut \u00eatre faite au sujet d'Enigmia Digital, S.L. ou de ses services.<\/li>\n\n\n\n<li>Aucun signe distinctif d'Enigmia Digital, S.L. ne peut \u00eatre utilis\u00e9 sans autorisation expresse.<\/li>\n\n\n\n<li>Le site de liaison ne doit pas comporter de contenu ill\u00e9gal ou inappropri\u00e9.<\/li>\n<\/ul>\n\n\n\n<h3 class=\"wp-block-heading\">3. Prestation de services au titre de la loi 34\/2002.<\/h3>\n\n\n\n<p>Enigmia Digital, S.L. agit en tant que fournisseur de services de la soci\u00e9t\u00e9 de l'information. Elle r\u00e9alise des communications commerciales en s'identifiant en tant qu'annonceur et celles-ci ne seront envoy\u00e9es qu'aux clients qui ont d\u00e9j\u00e0 contract\u00e9 des produits ou des services similaires. Les utilisateurs peuvent s'opposer \u00e0 la r\u00e9ception de communications en envoyant un courrier \u00e9lectronique \u00e0 l'adresse suivante <a href=\"mailto:dpd@enigmiacorp.com\">dpd@enigmiacorp.com<\/a>.<\/p>\n\n\n\n<h3 class=\"wp-block-heading\">4. Exclusion de la responsabilit\u00e9.<\/h3>\n\n\n\n<h4 class=\"wp-block-heading\">4.1 Information.<\/h4>\n\n\n\n<p>Enigmia Digital, S.L. d\u00e9cline toute responsabilit\u00e9 quant aux d\u00e9cisions prises sur la base de l'information contenue dans le portail et aux dommages qui en d\u00e9coulent.<\/p>\n\n\n\n<h4 class=\"wp-block-heading\">4.2 Disponibilit\u00e9 du service.<\/h4>\n\n\n\n<p>L'acc\u00e8s au portail d\u00e9pend de services de tiers. Enigmia Digital, S.L. d\u00e9cline toute responsabilit\u00e9 en cas d'interruption, d'annulation ou d'indisponibilit\u00e9 de l'acc\u00e8s.<\/p>\n\n\n\n<h4 class=\"wp-block-heading\">4.3 Contenu et services li\u00e9s.<\/h4>\n\n\n\n<p>Enigmia Digital, S.L. n'est pas responsable du contenu des sites li\u00e9s, \u00e0 moins qu'elle n'ait connaissance de leur ill\u00e9galit\u00e9 et qu'elle n'agisse pas avec diligence. L'existence de liens n'implique pas d'accord, de parrainage ou d'identification avec ces derniers.<\/p>\n\n\n\n<h3 class=\"wp-block-heading\">5. Propri\u00e9t\u00e9 intellectuelle et industrielle.<\/h3>\n\n\n\n<p>Tous les contenus du portail sont la propri\u00e9t\u00e9 d'Enigmia Digital, S.L. ou de tiers. L'acc\u00e8s au portail n'implique pas la cession des droits d'exploitation. Les marques ou signes distinctifs sont \u00e9galement la propri\u00e9t\u00e9 d'Enigmia Digital, S.L. ou de tiers.<\/p>\n\n\n\n<h3 class=\"wp-block-heading\">6. Contact avec Enigmia Digital, S.L.<\/h3>\n\n\n\n<p>Si vous avez des questions, des plaintes ou des suggestions concernant la pr\u00e9sente politique de confidentialit\u00e9, vous pouvez nous contacter en appelant le 927 289 680. Nous vous recommandons de consulter r\u00e9guli\u00e8rement cette page pour v\u00e9rifier si des changements y ont \u00e9t\u00e9 apport\u00e9s.<\/p>\n\n\n\n<h3 class=\"wp-block-heading\">7. Signalement d'activit\u00e9s ill\u00e9gales ou inappropri\u00e9es.<\/h3>\n\n\n\n<p>Si un utilisateur d\u00e9tecte un contenu ill\u00e9gal sur les sites li\u00e9s, il peut en informer Enigmia Digital, S.L. en fournissant :<\/p>\n\n\n\n<ul class=\"wp-block-list\">\n<li>Donn\u00e9es personnelles de l'appelant.<\/li>\n\n\n\n<li>Description des faits.<\/li>\n\n\n\n<li>Coordonn\u00e9es du titulaire des droits enfreints (s'il est diff\u00e9rent).<\/li>\n\n\n\n<li>D\u00e9claration de v\u00e9racit\u00e9 du contenu de la communication.<\/li>\n<\/ul>\n\n\n\n<h3 class=\"wp-block-heading\">8. La l\u00e9gislation.<\/h3>\n\n\n\n<p>Les pr\u00e9sentes mentions l\u00e9gales sont r\u00e9gies par le r\u00e8glement (UE) 2016\/679 (RGPD), la LO 3\/2018 PDGDD, la loi 34\/2002 (LSSICE) et d'autres l\u00e9gislations espagnoles et europ\u00e9ennes applicables.<\/p>\n\n\n\n<div style=\"height:100px\" aria-hidden=\"true\" class=\"wp-block-spacer\"><\/div>","protected":false},"excerpt":{"rendered":"<p>Con el presente aviso, Enigmia Digital, S.L. da cumplimiento a las obligaciones dispuestas en la Ley 34\/2002, de 11 de julio, de Servicios de la Sociedad de la Informaci\u00f3n y del Comercio Electr\u00f3nico (LSSICE), e informa a todos los usuarios del sitio web respecto a cu\u00e1les son las condiciones de uso. Toda persona que acceda [&hellip;]<\/p>\n","protected":false},"author":1,"featured_media":0,"parent":0,"menu_order":0,"comment_status":"closed","ping_status":"closed","template":"","meta":{"_acf_changed":false,"footnotes":""},"design":[],"class_list":["post-16525","page","type-page","status-publish","hentry"],"acf":[],"_links":{"self":[{"href":"https:\/\/enigmia.es\/fr\/wp-json\/wp\/v2\/pages\/16525","targetHints":{"allow":["GET"]}}],"collection":[{"href":"https:\/\/enigmia.es\/fr\/wp-json\/wp\/v2\/pages"}],"about":[{"href":"https:\/\/enigmia.es\/fr\/wp-json\/wp\/v2\/types\/page"}],"author":[{"embeddable":true,"href":"https:\/\/enigmia.es\/fr\/wp-json\/wp\/v2\/users\/1"}],"replies":[{"embeddable":true,"href":"https:\/\/enigmia.es\/fr\/wp-json\/wp\/v2\/comments?post=16525"}],"version-history":[{"count":0,"href":"https:\/\/enigmia.es\/fr\/wp-json\/wp\/v2\/pages\/16525\/revisions"}],"wp:attachment":[{"href":"https:\/\/enigmia.es\/fr\/wp-json\/wp\/v2\/media?parent=16525"}],"wp:term":[{"taxonomy":"design","embeddable":true,"href":"https:\/\/enigmia.es\/fr\/wp-json\/wp\/v2\/design?post=16525"}],"curies":[{"name":"wp","href":"https:\/\/api.w.org\/{rel}","templated":true}]}}