{"id":16529,"date":"2025-02-05T13:04:30","date_gmt":"2025-02-05T12:04:30","guid":{"rendered":"https:\/\/enigmia.es\/?page_id=16529"},"modified":"2025-06-18T18:38:06","modified_gmt":"2025-06-18T16:38:06","slug":"politique-de-confidentialite","status":"publish","type":"page","link":"https:\/\/enigmia.es\/fr\/politica-de-privacidad\/","title":{"rendered":"Politique de confidentialit\u00e9"},"content":{"rendered":"<p>Enigmaia Digital, SL s&#039;engage \u00e0 prot\u00e9ger la vie priv\u00e9e des visiteurs de son site web. Veuillez consulter notre politique de confidentialit\u00e9 pour savoir comment nous traitons les informations que vous nous communiquez. L&#039;envoi de communications ou de messages contenant des donn\u00e9es personnelles via ce site web implique votre acceptation de notre politique de confidentialit\u00e9.<\/p>\n\n\n\n<h3 class=\"wp-block-heading\">1. Protection des donn\u00e9es personnelles. Informations de base.<\/h3>\n\n\n\n<p><strong>Responsable du traitement des donn\u00e9es :<\/strong><\/p>\n\n\n\n<ul class=\"wp-block-list\">\n<li>Enigma Digital, SL.<\/li>\n\n\n\n<li>CIF : B-10978427<\/li>\n\n\n\n<li>Adresse postale : Avda. Hern\u00e1n Cort\u00e9s, 5, rez-de-chauss\u00e9e. 10001-C\u00e1ceres<\/li>\n\n\n\n<li>T\u00e9l\u00e9phone : 927 289 680<\/li>\n\n\n\n<li>Objectif : relation commerciale ou d&#039;affaires.<\/li>\n<\/ul>\n\n\n\n<p><strong>L\u00e9gitimation:<\/strong> Ex\u00e9cution d&#039;un contrat et int\u00e9r\u00eat l\u00e9gitime du responsable du traitement<\/p>\n\n\n\n<p><strong>Destinataires :<\/strong> Les donn\u00e9es ne seront pas transf\u00e9r\u00e9es \u00e0 des tiers, sauf dans les cas o\u00f9 la loi le pr\u00e9voit ou l&#039;autorise.<\/p>\n\n\n\n<p><strong>Droits:<\/strong> Vous avez le droit d&#039;obtenir la confirmation que Enigmaia Digital, SL traite vos donn\u00e9es personnelles. Vous disposez ainsi du droit d&#039;acc\u00e9der \u00e0 vos donn\u00e9es personnelles, de rectifier les donn\u00e9es inexactes, d&#039;en demander la suppression lorsqu&#039;elles ne sont plus n\u00e9cessaires, ainsi que du droit \u00e0 la portabilit\u00e9 des donn\u00e9es dans certaines circonstances. Vous pouvez exercer ces droits en nous contactant \u00e0 l&#039;adresse \u00e9lectronique suivante\u00a0: <a href=\"mailto:dpd@enigmiacorp.com\">dpd@enigmiacorp.com<\/a>. Vous avez \u00e9galement le droit de d\u00e9poser une plainte aupr\u00e8s de l&#039;Agence espagnole de protection des donn\u00e9es.<\/p>\n\n\n\n<h3 class=\"wp-block-heading\">2. Protection des donn\u00e9es personnelles. Informations compl\u00e9mentaires.<\/h3>\n\n\n\n<h4 class=\"wp-block-heading\">2.1. Traitement des donn\u00e9es.<\/h4>\n\n\n\n<p>Les donn\u00e9es collect\u00e9es via les formulaires de collecte de donn\u00e9es du Portail seront trait\u00e9es par Enigmaia Digital, SL conform\u00e9ment aux dispositions du R\u00e8glement g\u00e9n\u00e9ral sur la protection des donn\u00e9es et de la loi organique 3\/2018 du 5 d\u00e9cembre relative \u00e0 la protection des donn\u00e9es personnelles et \u00e0 la garantie des droits num\u00e9riques.<\/p>\n\n\n\n<p>Ces donn\u00e9es seront int\u00e9gr\u00e9es aux fichiers correspondants d&#039;Enigmia Digital, SL et seront trait\u00e9es de mani\u00e8re licite, loyale et transparente \u00e0 l&#039;\u00e9gard de la personne concern\u00e9e.<\/p>\n\n\n\n<p><strong>Les donn\u00e9es collect\u00e9es seront utilis\u00e9es aux fins suivantes\u00a0:<\/strong><\/p>\n\n\n\n<ul class=\"wp-block-list\">\n<li>Pour la fourniture de biens et de services \u00e0 nos clients.<\/li>\n\n\n\n<li>Pour maintenir nos relations avec nos fournisseurs.<\/li>\n\n\n\n<li>Pour l&#039;ex\u00e9cution des obligations li\u00e9es \u00e0 l&#039;emploi ou \u00e0 la relation contractuelle.<\/li>\n\n\n\n<li>Pour les processus de s\u00e9lection.<\/li>\n\n\n\n<li>Pour la r\u00e9alisation d&#039;activit\u00e9s de marketing et de marketing direct.<\/li>\n<\/ul>\n\n\n\n<h4 class=\"wp-block-heading\">2.2. Envoi d&#039;un CV.<\/h4>\n\n\n\n<p>Les CV et les candidatures re\u00e7us via les formulaires, adresses \u00e9lectroniques ou liens figurant sur cette page seront trait\u00e9s par Enigmia Digital, SL conform\u00e9ment aux dispositions de la section pr\u00e9c\u00e9dente et pourront \u00eatre utilis\u00e9s dans les processus de s\u00e9lection du personnel d&#039;Enigmia Digital, SL.<\/p>\n\n\n\n<h4 class=\"wp-block-heading\">2.3. Droits des parties int\u00e9ress\u00e9es.<\/h4>\n\n\n\n<p>L\u2019Utilisateur a le droit d\u2019obtenir la confirmation que la soci\u00e9t\u00e9 Enigmaia Digital, SL traite ou non des donn\u00e9es personnelles le concernant.<\/p>\n\n\n\n<p>Les utilisateurs ont le droit d&#039;acc\u00e9der \u00e0 leurs donn\u00e9es personnelles, ainsi que de demander la rectification des donn\u00e9es inexactes ou, le cas \u00e9ch\u00e9ant, leur suppression lorsque, entre autres raisons, les donn\u00e9es ne sont plus n\u00e9cessaires aux fins pour lesquelles elles ont \u00e9t\u00e9 collect\u00e9es.<\/p>\n\n\n\n<p>Dans certaines circonstances, les utilisateurs peuvent demander la limitation du traitement de leurs donn\u00e9es, auquel cas nous ne les conserverons que pour l&#039;exercice ou la d\u00e9fense de droits en justice.<\/p>\n\n\n\n<p>Dans certaines circonstances et pour des raisons tenant \u00e0 leur situation particuli\u00e8re, les personnes concern\u00e9es peuvent s&#039;opposer au traitement de leurs donn\u00e9es. Dans ce cas, Enigmaia Digital, SL cessera de traiter les donn\u00e9es, sauf en cas de motifs l\u00e9gitimes et imp\u00e9rieux, ou pour la constatation, l&#039;exercice ou la d\u00e9fense d&#039;un droit en justice.<\/p>\n\n\n\n<p>Pour exercer ses droits, la personne concern\u00e9e doit envoyer un courriel \u00e0 l&#039;adresse suivante\u00a0: <a href=\"mailto:dpd@enigmiacorp.com\"><a href=\"mailto:dpd@enigmiacorp.com\">dpd@enigmiacorp.com<\/a><\/a> Votre demande doit comporter les informations suivantes\u00a0: le nom complet de l\u2019utilisateur, son adresse de notification, une copie de sa carte nationale d\u2019identit\u00e9 ou de son passeport, et un expos\u00e9 clair de la demande. Si vous agissez en tant que repr\u00e9sentant, vous devez fournir une preuve de repr\u00e9sentation au moyen d\u2019un document juridiquement valable.<\/p>\n\n\n\n<h4 class=\"wp-block-heading\">2.4. Adoption de mesures de s\u00e9curit\u00e9.<\/h4>\n\n\n\n<p>Le traitement des donn\u00e9es garantit une s\u00e9curit\u00e9 ad\u00e9quate des donn\u00e9es, y compris la protection contre le traitement non autoris\u00e9 ou illicite et contre la perte, la destruction ou les dommages accidentels, gr\u00e2ce \u00e0 l&#039;application de mesures techniques ou organisationnelles appropri\u00e9es.<\/p>\n\n\n\n<h4 class=\"wp-block-heading\">2.5. Donn\u00e9es personnelles des mineurs.<\/h4>\n\n\n\n<p>Enigmaia Digital, SL estime que les enfants m\u00e9ritent une protection sp\u00e9cifique de leurs donn\u00e9es personnelles, car ils peuvent \u00eatre moins conscients des risques, des cons\u00e9quences, des garanties et des droits li\u00e9s au traitement de ces donn\u00e9es. Cette protection sp\u00e9cifique devrait s&#039;appliquer notamment \u00e0 l&#039;utilisation des donn\u00e9es personnelles des enfants \u00e0 des fins de marketing ou pour la cr\u00e9ation de profils de personnalit\u00e9 ou d&#039;utilisateurs, ainsi qu&#039;\u00e0 la collecte de donn\u00e9es personnelles les concernant lors de l&#039;utilisation de services qui leur sont directement propos\u00e9s.<\/p>\n\n\n\n<p>Enigmaia Digital, SL se conforme \u00e0 la Convention du 20 novembre 1989 relative aux droits de l&#039;enfant, adopt\u00e9e par l&#039;Assembl\u00e9e g\u00e9n\u00e9rale des Nations Unies, et \u00e0 la loi organique 1\/1996 du 15 janvier relative \u00e0 la protection juridique des mineurs, approuv\u00e9e par le Parlement espagnol, ainsi qu&#039;\u00e0 toute l\u00e9gislation similaire adopt\u00e9e dans d&#039;autres pays pour prot\u00e9ger les mineurs.<\/p>\n\n\n\n<h3 class=\"wp-block-heading\">3. L\u00e9gislation.<\/h3>\n\n\n\n<p>Les pr\u00e9sentes mentions l\u00e9gales sont r\u00e9gies \u00e0 tous \u00e9gards par le R\u00e8glement (UE) 2016\/679 (RGPD), la LO 3\/2018 PDGDD et les autres r\u00e9glementations espagnoles et europ\u00e9ennes applicables.<\/p>","protected":false},"excerpt":{"rendered":"<p>Enigmia Digital, S.L. adquiere el compromiso de salvaguardar la privacidad de los visitantes de su p\u00e1gina web. Lea nuestra pol\u00edtica de privacidad a fin de informarse de c\u00f3mo es tratada la informaci\u00f3n que nos proporcione. El env\u00edo de comunicaciones o mensajes con datos personales a trav\u00e9s de esta p\u00e1gina web implica la conformidad con la [&hellip;]<\/p>\n","protected":false},"author":1,"featured_media":0,"parent":0,"menu_order":0,"comment_status":"closed","ping_status":"closed","template":"","meta":{"_acf_changed":false,"footnotes":""},"design":[],"class_list":["post-16529","page","type-page","status-publish","hentry"],"acf":[],"_links":{"self":[{"href":"https:\/\/enigmia.es\/fr\/wp-json\/wp\/v2\/pages\/16529","targetHints":{"allow":["GET"]}}],"collection":[{"href":"https:\/\/enigmia.es\/fr\/wp-json\/wp\/v2\/pages"}],"about":[{"href":"https:\/\/enigmia.es\/fr\/wp-json\/wp\/v2\/types\/page"}],"author":[{"embeddable":true,"href":"https:\/\/enigmia.es\/fr\/wp-json\/wp\/v2\/users\/1"}],"replies":[{"embeddable":true,"href":"https:\/\/enigmia.es\/fr\/wp-json\/wp\/v2\/comments?post=16529"}],"version-history":[{"count":0,"href":"https:\/\/enigmia.es\/fr\/wp-json\/wp\/v2\/pages\/16529\/revisions"}],"wp:attachment":[{"href":"https:\/\/enigmia.es\/fr\/wp-json\/wp\/v2\/media?parent=16529"}],"wp:term":[{"taxonomy":"design","embeddable":true,"href":"https:\/\/enigmia.es\/fr\/wp-json\/wp\/v2\/design?post=16529"}],"curies":[{"name":"wp","href":"https:\/\/api.w.org\/{rel}","templated":true}]}}