{"id":16525,"date":"2025-02-05T13:03:42","date_gmt":"2025-02-05T12:03:42","guid":{"rendered":"https:\/\/enigmia.es\/?page_id=16525"},"modified":"2025-06-19T12:48:11","modified_gmt":"2025-06-19T10:48:11","slug":"avviso-legale","status":"publish","type":"page","link":"https:\/\/enigmia.es\/it\/aviso-legal\/","title":{"rendered":"Avviso legale"},"content":{"rendered":"<p>Con il presente avviso, Enigmia Digital, S.L. adempie agli obblighi previsti dalla Legge 34\/2002, dell'11 luglio, sui Servizi della Societ\u00e0 dell'Informazione e del Commercio Elettronico (LSSICE), e informa tutti gli utenti del sito web delle condizioni di utilizzo.<\/p>\n\n\n\n<p>Chiunque acceda a questo sito web assume il ruolo di utente, impegnandosi a osservare e rispettare le condizioni qui esposte, nonch\u00e9 l'Informativa sulla privacy, l'Informativa sui cookie e le altre norme giuridiche applicabili.<\/p>\n\n\n\n<h3 class=\"wp-block-heading\">1. Informazioni legali e accettazione.<\/h3>\n\n\n\n<p>Le presenti disposizioni regolano l'utilizzo del servizio di portale Internet (di seguito, il \u00abPortale\u00bb) che Enigmia Digital, S.L. mette a disposizione degli utenti di Internet.<\/p>\n\n\n\n<p>Enigmia Digital, S.L. ha la propria sede legale in Avda. Hern\u00e1n Cort\u00e9s, 5, bajo. 10001-C\u00e1ceres, telefono: 927 289 680. 10001-C\u00e1ceres, telefono: 927 289 680. \u00c8 costituita con atto costitutivo registrato nel Registro Mercantile di C\u00e1ceres, Sezione 8, Pagina CC 16610, 1a voce.<\/p>\n\n\n\n<p>L'accesso al sito web \u00e8 gratuito, ad eccezione dei costi di connessione attraverso la rete di telecomunicazioni fornita dal fornitore di accesso contrattato dagli utenti.<\/p>\n\n\n\n<p>L'utilizzo del Portale conferisce la condizione di utente del Portale (di seguito, l\u00ab\u00bbUtente\") e implica l'accettazione di tutte le condizioni incluse nel presente Avviso Legale. La fornitura del servizio del Portale \u00e8 limitata al momento in cui l'Utente \u00e8 connesso al Portale o a uno qualsiasi dei servizi forniti attraverso di esso. Pertanto, l'Utente deve leggere attentamente il presente Avviso legale ogni volta che intende utilizzare il Portale, in quanto il Portale e le sue condizioni di utilizzo riportate nel presente Avviso legale possono subire modifiche.<\/p>\n\n\n\n<h3 class=\"wp-block-heading\">2. Condizioni di utilizzo del portale.<\/h3>\n\n\n\n<h4 class=\"wp-block-heading\">2.1 Generalit\u00e0.<\/h4>\n\n\n\n<p>L'Utente si impegna a fare un uso corretto del Portale in conformit\u00e0 alla Legge e al presente Avviso Legale. L'Utente sar\u00e0 responsabile nei confronti di Enigmia Digital, S.L. o di terzi per eventuali danni causati dall'inosservanza di tale obbligo.<\/p>\n\n\n\n<h4 class=\"wp-block-heading\">2.2 Contenuto.<\/h4>\n\n\n\n<p>L'Utente si impegna a utilizzare i Contenuti in conformit\u00e0 alla Legge e al presente Avviso Legale, nonch\u00e9 a qualsiasi altra condizione, regolamento e istruzione applicabile.<\/p>\n\n\n\n<p>A titolo esemplificativo, l'Utente si asterr\u00e0 da:<\/p>\n\n\n\n<ul class=\"wp-block-list\">\n<li>Riprodurre, copiare, distribuire, rendere disponibile, comunicare pubblicamente, trasformare o modificare i Contenuti, salvo nei casi autorizzati dalla legge o con il consenso esplicito di Enigmia Digital, S.L.<\/li>\n\n\n\n<li>Riprodurre o copiare per uso privato i Contenuti considerati come Software o Database, cos\u00ec come comunicarli pubblicamente o metterli a disposizione di terzi quando ci\u00f2 implica una riproduzione.<\/li>\n\n\n\n<li>Estrarre o riutilizzare tutti o una parte sostanziale dei Contenuti del Portale o delle banche dati disponibili.<\/li>\n\n\n\n<li>Utilizzare le informazioni per inviare pubblicit\u00e0, per scopi commerciali o per memorizzare dati personali di terzi.<\/li>\n<\/ul>\n\n\n\n<h4 class=\"wp-block-heading\">2.3 Moduli di raccolta dati.<\/h4>\n\n\n\n<p>Tutte le informazioni fornite dall'Utente devono essere veritiere. L'Utente garantisce l'autenticit\u00e0 dei dati comunicati ed \u00e8 responsabile del loro aggiornamento. L'Utente \u00e8 responsabile delle dichiarazioni false o inesatte e dei danni da esse causati.<\/p>\n\n\n\n<h4 class=\"wp-block-heading\">2.4 Introduzione di link al Portale.<\/h4>\n\n\n\n<p>Le condizioni per il collegamento al portale sono le seguenti:<\/p>\n\n\n\n<ul class=\"wp-block-list\">\n<li>\u00c8 possibile collegarsi solo alla home page.<\/li>\n\n\n\n<li>Non \u00e8 consentito riprodurre i contenuti del portale n\u00e9 creare \u00abcornici\u00bb.<\/li>\n\n\n\n<li>Non deve essere ingannevole, n\u00e9 compiere atti di concorrenza sleale o sfruttare la propria reputazione.<\/li>\n\n\n\n<li>Non \u00e8 consentito fare dichiarazioni false o inesatte su Enigmia Digital, S.L. o sui suoi servizi.<\/li>\n\n\n\n<li>Nessun segno distintivo di Enigmia Digital, S.L. pu\u00f2 essere utilizzato senza espressa autorizzazione.<\/li>\n\n\n\n<li>Il sito di collegamento non pu\u00f2 includere contenuti illegali o inappropriati.<\/li>\n<\/ul>\n\n\n\n<h3 class=\"wp-block-heading\">3. Fornitura di servizi ai sensi della Legge 34\/2002.<\/h3>\n\n\n\n<p>Enigmia Digital, S.L. opera come fornitore di servizi della societ\u00e0 dell'informazione. Effettua comunicazioni commerciali identificandosi come inserzionista, che verranno inviate solo ai clienti che hanno precedentemente stipulato un contratto per prodotti o servizi simili. Gli utenti possono opporsi alla ricezione di comunicazioni inviando un'e-mail a <a href=\"mailto:dpd@enigmiacorp.com\">dpd@enigmiacorp.com<\/a>.<\/p>\n\n\n\n<h3 class=\"wp-block-heading\">4. Esclusione di responsabilit\u00e0.<\/h3>\n\n\n\n<h4 class=\"wp-block-heading\">4.1 Informazioni.<\/h4>\n\n\n\n<p>Enigmia Digital, S.L. non si assume alcuna responsabilit\u00e0 per le decisioni prese sulla base delle informazioni contenute nel portale o per i danni che ne derivano.<\/p>\n\n\n\n<h4 class=\"wp-block-heading\">4.2 Disponibilit\u00e0 del servizio.<\/h4>\n\n\n\n<p>L'accesso al portale dipende da servizi di terze parti. Enigmia Digital, S.L. non si assume alcuna responsabilit\u00e0 per interruzioni, cancellazioni o indisponibilit\u00e0 dell'accesso.<\/p>\n\n\n\n<h4 class=\"wp-block-heading\">4.3 Contenuti e servizi collegati.<\/h4>\n\n\n\n<p>Enigmia Digital, S.L. non \u00e8 responsabile del contenuto dei siti collegati, a meno che non sia effettivamente a conoscenza della loro illegalit\u00e0 e non agisca diligentemente. L'esistenza di link non implica accordo, sponsorizzazione o identificazione con essi.<\/p>\n\n\n\n<h3 class=\"wp-block-heading\">5. Propriet\u00e0 intellettuale e industriale.<\/h3>\n\n\n\n<p>Tutti i contenuti del portale sono di propriet\u00e0 di Enigmia Digital, S.L. o di terzi. L'accesso al Portale non implica il trasferimento dei diritti di sfruttamento. Anche i marchi o i segni distintivi sono di propriet\u00e0 di Enigmia Digital, S.L. o di terzi.<\/p>\n\n\n\n<h3 class=\"wp-block-heading\">6. Contatto con Enigmia Digital, S.L.<\/h3>\n\n\n\n<p>In caso di domande, reclami o suggerimenti sulla presente Informativa sulla privacy, \u00e8 possibile contattarci chiamando il numero 927 289 680. Si consiglia di visitare periodicamente questa pagina per verificare eventuali modifiche.<\/p>\n\n\n\n<h3 class=\"wp-block-heading\">7. Segnalazione di attivit\u00e0 illegali o inappropriate.<\/h3>\n\n\n\n<p>Se un utente rileva contenuti illegali sui Siti Collegati, pu\u00f2 informare Enigmia Digital, S.L. fornendo:<\/p>\n\n\n\n<ul class=\"wp-block-list\">\n<li>Dati personali del chiamante.<\/li>\n\n\n\n<li>Descrizione dei fatti.<\/li>\n\n\n\n<li>Informazioni sul titolare dei diritti violati (se diverso).<\/li>\n\n\n\n<li>Dichiarazione di veridicit\u00e0 del contenuto della comunicazione.<\/li>\n<\/ul>\n\n\n\n<h3 class=\"wp-block-heading\">8. Legislazione.<\/h3>\n\n\n\n<p>Il presente Avviso legale \u00e8 disciplinato dal Regolamento (UE) 2016\/679 (RGPD), dalla LO 3\/2018 PDGDD, dalla Legge 34\/2002 (LSSICE) e da altre leggi spagnole ed europee applicabili.<\/p>\n\n\n\n<div style=\"height:100px\" aria-hidden=\"true\" class=\"wp-block-spacer\"><\/div>","protected":false},"excerpt":{"rendered":"<p>Con el presente aviso, Enigmia Digital, S.L. da cumplimiento a las obligaciones dispuestas en la Ley 34\/2002, de 11 de julio, de Servicios de la Sociedad de la Informaci\u00f3n y del Comercio Electr\u00f3nico (LSSICE), e informa a todos los usuarios del sitio web respecto a cu\u00e1les son las condiciones de uso. Toda persona que acceda [&hellip;]<\/p>\n","protected":false},"author":1,"featured_media":0,"parent":0,"menu_order":0,"comment_status":"closed","ping_status":"closed","template":"","meta":{"_acf_changed":false,"footnotes":""},"design":[],"class_list":["post-16525","page","type-page","status-publish","hentry"],"acf":[],"_links":{"self":[{"href":"https:\/\/enigmia.es\/it\/wp-json\/wp\/v2\/pages\/16525","targetHints":{"allow":["GET"]}}],"collection":[{"href":"https:\/\/enigmia.es\/it\/wp-json\/wp\/v2\/pages"}],"about":[{"href":"https:\/\/enigmia.es\/it\/wp-json\/wp\/v2\/types\/page"}],"author":[{"embeddable":true,"href":"https:\/\/enigmia.es\/it\/wp-json\/wp\/v2\/users\/1"}],"replies":[{"embeddable":true,"href":"https:\/\/enigmia.es\/it\/wp-json\/wp\/v2\/comments?post=16525"}],"version-history":[{"count":0,"href":"https:\/\/enigmia.es\/it\/wp-json\/wp\/v2\/pages\/16525\/revisions"}],"wp:attachment":[{"href":"https:\/\/enigmia.es\/it\/wp-json\/wp\/v2\/media?parent=16525"}],"wp:term":[{"taxonomy":"design","embeddable":true,"href":"https:\/\/enigmia.es\/it\/wp-json\/wp\/v2\/design?post=16525"}],"curies":[{"name":"wp","href":"https:\/\/api.w.org\/{rel}","templated":true}]}}