{"id":16527,"date":"2025-02-05T13:04:15","date_gmt":"2025-02-05T12:04:15","guid":{"rendered":"https:\/\/enigmia.es\/?page_id=16527"},"modified":"2025-02-05T13:04:17","modified_gmt":"2025-02-05T12:04:17","slug":"politica-sui-cookie","status":"publish","type":"page","link":"https:\/\/enigmia.es\/it\/politica-de-cookies\/","title":{"rendered":"Politica sui cookie"},"content":{"rendered":"<h6 class=\"wp-block-heading\" id=\"headline-3-228\">Che cos&#039;\u00e8 un cookie?<\/h6>\n\n\n\n<p>Un cookie \u00e8 un file di testo innocuo che viene memorizzato nel tuo browser quando visiti quasi qualsiasi sito web. Lo scopo dei cookie \u00e8 quello di consentire al sito web di ricordare la tua visita quando torni su quella pagina. Sebbene molti non lo sappiano, i cookie sono in uso da 20 anni, fin dalla comparsa dei primi browser per il World Wide Web.<\/p>\n\n\n\n<h6 class=\"wp-block-heading\" id=\"headline-7-228\">Cosa NON \u00e8 un biscotto?<\/h6>\n\n\n\n<p>Non si tratta di un virus, di un cavallo di Troia, di un worm, di spam, di spyware e non apre finestre pop-up.<\/p>\n\n\n\n<h6 class=\"wp-block-heading\" id=\"headline-11-228\">Quali informazioni memorizza un cookie?<\/h6>\n\n\n\n<p>In genere i cookie non memorizzano informazioni sensibili che ti riguardano, come i dati della carta di credito o bancari, fotografie, documenti d&#039;identit\u00e0 o altre informazioni personali. I dati che memorizzano sono di natura tecnica, come le preferenze personali, la personalizzazione dei contenuti, ecc.<\/p>\n\n\n\n<p>Il server web non ti associa a una persona, bens\u00ec al tuo browser. Infatti, se di solito navighi con Internet Explorer e poi provi a navigare sullo stesso sito web con Firefox o Chrome, noterai che il sito web non ti riconosce come la stessa persona perch\u00e9 associa il browser, non l&#039;individuo.<\/p>\n\n\n\n<h6 class=\"wp-block-heading\" id=\"headline-15-228\">Che tipi di cookie esistono?<\/h6>\n\n\n\n<ul class=\"wp-block-list\">\n<li>Cookie tecnici: sono i pi\u00f9 basilari e consentono, tra le altre cose, di sapere quando a navigare \u00e8 un essere umano o un&#039;applicazione automatizzata, quando naviga un utente anonimo e quando un utente registrato, ovvero di svolgere compiti fondamentali per il funzionamento di qualsiasi sito web dinamico.<\/li>\n\n\n\n<li>Cookie analitici: questi raccolgono informazioni sulla tua attivit\u00e0 di navigazione, le sezioni che utilizzi pi\u00f9 frequentemente, i prodotti visualizzati, l&#039;orario, la lingua, ecc.<\/li>\n\n\n\n<li>Cookie pubblicitari: mostrano annunci pubblicitari basati sulla tua navigazione, sul paese di provenienza, sulla lingua, ecc.<\/li>\n<\/ul>\n\n\n\n<h6 class=\"wp-block-heading\" id=\"headline-20-228\">Che cosa sono i cookie di prima parte e i cookie di terze parti?<\/h6>\n\n\n\n<p>I cookie di prima parte sono quelli generati dalla pagina che stai visitando, mentre i cookie di terze parti sono quelli generati da servizi o fornitori esterni come Facebook, Twitter, Google, ecc.<\/p>\n\n\n\n<h6 class=\"wp-block-heading\" id=\"headline-24-228\">Cosa succede se disattivo i cookie?<\/h6>\n\n\n\n<p>Per aiutarti a comprendere le implicazioni della disabilitazione dei cookie, ti mostreremo alcuni esempi.<br>esempi:<\/p>\n\n\n\n<ul class=\"wp-block-list\">\n<li>Non potrai condividere contenuti da quel sito web su Facebook, Twitter o qualsiasi altro social network.<\/li>\n\n\n\n<li>Il sito web non sar\u00e0 in grado di adattare i contenuti alle tue preferenze personali, come avviene di solito nei negozi online.<\/li>\n\n\n\n<li>Non potrai accedere all&#039;area personale di quel sito web, come ad esempio Il mio account, Il mio profilo o I miei ordini.<\/li>\n\n\n\n<li>Negozi online: Non sar\u00e0 possibile effettuare acquisti online; sar\u00e0 necessario effettuare gli acquisti telefonicamente o recandosi direttamente presso il negozio fisico, se presente.<\/li>\n\n\n\n<li>Non sar\u00e0 possibile personalizzare le proprie preferenze geografiche, come fuso orario, valuta o lingua.<\/li>\n\n\n\n<li>Il sito web non sar\u00e0 in grado di effettuare analisi sui visitatori e sul traffico web, il che render\u00e0 difficile per il sito essere competitivo.<\/li>\n\n\n\n<li>Non potrai scrivere sul blog, caricare foto, pubblicare commenti, valutare o recensire i contenuti. Il sito web non sar\u00e0 inoltre in grado di distinguere se sei una persona o un&#039;applicazione automatizzata che invia spam.<\/li>\n\n\n\n<li>La pubblicit\u00e0 mirata non sar\u00e0 consentita, il che ridurr\u00e0 le entrate pubblicitarie del sito web.<\/li>\n\n\n\n<li>Tutti i social network utilizzano i cookie; se li disabiliti, non potrai utilizzare alcun social network.<\/li>\n<\/ul>\n\n\n\n<h6 class=\"wp-block-heading\" id=\"headline-27-228\">\u00c8 possibile eliminare i cookie?<\/h6>\n\n\n\n<p>S\u00ec. Non solo eliminare, ma anche bloccare, in generale o specificamente per un determinato dominio.<\/p>\n\n\n\n<p>Per eliminare i cookie da un sito web, \u00e8 necessario accedere alle impostazioni del browser, dove \u00e8 possibile trovare quelli associati al dominio in questione e procedere alla loro eliminazione.<\/p>\n\n\n\n<h6 class=\"wp-block-heading\" id=\"headline-31-228\">Impostazioni dei cookie per i browser pi\u00f9 diffusi<\/h6>\n\n\n\n<p>Di seguito spieghiamo come accedere a uno specifico cookie del browser. <strong>Cromo<\/strong>. Nota: questi passaggi possono variare a seconda della versione del browser.<\/p>\n\n\n\n<ol class=\"wp-block-list\">\n<li>Accedi alle Impostazioni o alle Preferenze tramite il menu File oppure cliccando sull&#039;icona di personalizzazione che appare in alto a destra.<\/li>\n\n\n\n<li>Vedrai diverse sezioni, fai clic sull&#039;opzione Mostra opzioni avanzate.<\/li>\n\n\n\n<li>Vai su Privacy, Impostazioni contenuti.<\/li>\n\n\n\n<li>Seleziona Tutti i cookie e i dati dei siti.<\/li>\n\n\n\n<li>Verr\u00e0 visualizzato un elenco di tutti i cookie ordinati per dominio. Per facilitare la ricerca dei cookie relativi a un dominio specifico, inserisci parte o tutto l&#039;indirizzo nel campo &quot;Cerca cookie&quot;.<\/li>\n\n\n\n<li>Dopo aver applicato questo filtro, sullo schermo compariranno una o pi\u00f9 righe che mostrano i cookie relativi al sito web richiesto. A questo punto, non resta che selezionarle e premere la X per eliminarle.<\/li>\n<\/ol>\n\n\n\n<p>Per accedere alle impostazioni dei cookie del tuo browser <strong>Internet Explorer<\/strong> Segui questi passaggi (potrebbero variare a seconda della versione del tuo browser):<\/p>\n\n\n\n<ol class=\"wp-block-list\">\n<li>Vai su Strumenti, Opzioni Internet<\/li>\n\n\n\n<li>Fai clic su Privacy.<\/li>\n\n\n\n<li>Sposta il cursore per regolare il livello di privacy desiderato.<\/li>\n<\/ol>\n\n\n\n<p>Per accedere alle impostazioni dei cookie nel browser Firefox, segui questi passaggi (possono variare a seconda della versione del browser):<\/p>\n\n\n\n<ol class=\"wp-block-list\">\n<li>Accedere a Opzioni o Preferenze, a seconda del sistema operativo in uso.<\/li>\n\n\n\n<li>Fai clic su Privacy.<\/li>\n\n\n\n<li>Nella sezione Cronologia, seleziona &quot;Usa impostazioni personalizzate per la cronologia&quot;.<\/li>\n\n\n\n<li>Ora visualizzerai l&#039;opzione &quot;Accetta i cookie&quot;; puoi abilitarla o disabilitarla in base alle tue preferenze.<\/li>\n<\/ol>\n\n\n\n<p>Per accedere alle impostazioni dei cookie nel browser Safari per OSX, segui questi passaggi (potrebbero variare a seconda della versione del browser):<\/p>\n\n\n\n<ol class=\"wp-block-list\">\n<li>Vai su Preferenze, poi su Privacy.<\/li>\n\n\n\n<li>Qui troverai l&#039;opzione &quot;Blocca i cookie&quot; che ti permetter\u00e0 di regolare il tipo di blocco che desideri effettuare.<\/li>\n<\/ol>\n\n\n\n<p>Per accedere alle impostazioni dei cookie nel browser Safari per iOS, segui questi passaggi (potrebbero variare a seconda della versione del browser):<\/p>\n\n\n\n<ol class=\"wp-block-list\">\n<li>Vai su Impostazioni, poi su Safari.<\/li>\n\n\n\n<li>Vai su Privacy e sicurezza, troverai l&#039;opzione Blocca cookie che ti permetter\u00e0 di regolare il tipo di blocco che desideri effettuare.<\/li>\n<\/ol>\n\n\n\n<p>Per accedere alle impostazioni dei cookie del tuo browser sui dispositivi Android, segui questi passaggi (potrebbero variare a seconda della versione del browser):<\/p>\n\n\n\n<ol class=\"wp-block-list\">\n<li>Apri il browser e premi il tasto Menu, quindi Impostazioni.<\/li>\n\n\n\n<li>Vai su Sicurezza e privacy, troverai l&#039;opzione Accetta i cookie per abilitare o disabilitare la casella.<\/li>\n<\/ol>\n\n\n\n<p>Per accedere alle impostazioni dei cookie del browser sui dispositivi Windows Phone, segui questi passaggi (potrebbero variare a seconda della versione del browser):<\/p>\n\n\n\n<ol class=\"wp-block-list\">\n<li>Apri Internet Explorer, quindi fai clic su Altro e infine su Impostazioni.<\/li>\n\n\n\n<li>Ora \u00e8 possibile abilitare o disabilitare l&#039;opzione &quot;Consenti cookie&quot;.<\/li>\n<\/ol>","protected":false},"excerpt":{"rendered":"<p>\u00bfQu\u00e9 es una cookie? Una cookie es un fichero de texto inofensivo que se almacena en su navegador cuando&nbsp;visita casi cualquier p\u00e1gina web. La utilidad de la cookiees que la web sea capaz de&nbsp;recordar su visita cuando vuelva a navegar por esa p\u00e1gina. Aunque mucha gente no lo&nbsp;sabe las cookies se llevan utilizando desde hace [&hellip;]<\/p>\n","protected":false},"author":1,"featured_media":0,"parent":0,"menu_order":0,"comment_status":"closed","ping_status":"closed","template":"","meta":{"_acf_changed":false,"footnotes":""},"design":[],"class_list":["post-16527","page","type-page","status-publish","hentry"],"acf":[],"_links":{"self":[{"href":"https:\/\/enigmia.es\/it\/wp-json\/wp\/v2\/pages\/16527","targetHints":{"allow":["GET"]}}],"collection":[{"href":"https:\/\/enigmia.es\/it\/wp-json\/wp\/v2\/pages"}],"about":[{"href":"https:\/\/enigmia.es\/it\/wp-json\/wp\/v2\/types\/page"}],"author":[{"embeddable":true,"href":"https:\/\/enigmia.es\/it\/wp-json\/wp\/v2\/users\/1"}],"replies":[{"embeddable":true,"href":"https:\/\/enigmia.es\/it\/wp-json\/wp\/v2\/comments?post=16527"}],"version-history":[{"count":0,"href":"https:\/\/enigmia.es\/it\/wp-json\/wp\/v2\/pages\/16527\/revisions"}],"wp:attachment":[{"href":"https:\/\/enigmia.es\/it\/wp-json\/wp\/v2\/media?parent=16527"}],"wp:term":[{"taxonomy":"design","embeddable":true,"href":"https:\/\/enigmia.es\/it\/wp-json\/wp\/v2\/design?post=16527"}],"curies":[{"name":"wp","href":"https:\/\/api.w.org\/{rel}","templated":true}]}}