{"id":17482,"date":"2025-06-18T12:34:40","date_gmt":"2025-06-18T10:34:40","guid":{"rendered":"https:\/\/enigmia.es\/?page_id=17482"},"modified":"2025-06-18T18:45:12","modified_gmt":"2025-06-18T16:45:12","slug":"codice-etico","status":"publish","type":"page","link":"https:\/\/enigmia.es\/it\/codigo-etico\/","title":{"rendered":"Codice etico"},"content":{"rendered":"<h2 class=\"wp-block-heading\">0. INTRODUZIONE<\/h2>\n\n\n\n<p>Fin dalla sua nascita, Enigmia Digital SL ha dimostrato un fermo impegno etico e comprende che il modo migliore per onorare tale impegno \u00e8 attraverso l&#039;istituzione di norme e procedure interne efficaci che mirino a:<\/p>\n\n\n\n<ul class=\"wp-block-list\">\n<li>Svolgere la propria attivit\u00e0 nel rispetto di rigorose norme etiche e delle normative vigenti.<\/li>\n\n\n\n<li>Implementare norme di condotta, sistemi di controllo e di comunicazione al fine di impedire che la propria attivit\u00e0 venga utilizzata per scopi contrari all&#039;ordinamento giuridico.<\/li>\n\n\n\n<li>Assicurati che tutti i tuoi dipendenti rispettino le politiche e le procedure relative alla prevenzione delle attivit\u00e0 illegali.<\/li>\n\n\n\n<li>Attenersi scrupolosamente alle leggi.<\/li>\n<\/ul>\n\n\n\n<p>Il rispetto di questo Codice \u00e8 assolutamente essenziale per garantire che tutti i servizi di Enigmia Digital siano pienamente conformi alla legge. Questo codice \u00e8 obbligatorio per tutti i dipendenti di Enigmia Digital, che pertanto devono aderirvi e partecipare attivamente alla sua implementazione e al suo sviluppo.<\/p>\n\n\n\n<p>Vi ringraziamo in anticipo per il vostro supporto a questa politica.<\/p>\n\n\n\n<hr class=\"wp-block-separator has-alpha-channel-opacity\"\/>\n\n\n\n<h2 class=\"wp-block-heading\">1. AMBITO DI APPLICAZIONE<\/h2>\n\n\n\n<p>Il presente Codice vincola le seguenti persone ed entit\u00e0:<\/p>\n\n\n\n<ul class=\"wp-block-list\">\n<li>Ai membri del Consiglio di Amministrazione di Enigmia Digital<\/li>\n\n\n\n<li>A tutti i dipendenti che svolgono la propria attivit\u00e0 lavorativa presso l&#039;azienda Enigmia Digital<\/li>\n\n\n\n<li>Ai membri del Comitato di Gestione e al resto dell&#039;Alta Direzione di Enigmia Digital<\/li>\n\n\n\n<li>A tutte le entit\u00e0 e organizzazioni collegate a Enigmia Digital tramite un rapporto di dominio o la cui gestione, a qualsiasi titolo, \u00e8 responsabilit\u00e0 di Enigmia Digital<\/li>\n<\/ul>\n\n\n\n<hr class=\"wp-block-separator has-alpha-channel-opacity\"\/>\n\n\n\n<h2 class=\"wp-block-heading\">2. VALORI ETICI<\/h2>\n\n\n\n<p>I dipendenti, sia nelle azioni compiute in conseguenza del loro rapporto con Enigmia Digital, sia in quelle altre azioni che potrebbero essere interpretate come attribuibili a Enigmia Digital o che potrebbero incidere sulla sua reputazione, devono rispettare il contenuto del Codice, che si basa su valori etici, tra i quali vanno evidenziati quelli fondamentali per la cultura di Enigmia Digital:<\/p>\n\n\n\n<ul class=\"wp-block-list\">\n<li>Rispetto della dignit\u00e0 umana e dei diritti inalienabili. Enigmia Digital si impegna a sostenere i principi della Dichiarazione Universale dei Diritti Umani, del Global Compact delle Nazioni Unite e di altre convenzioni e trattati di organizzazioni internazionali come l&#039;Organizzazione per la Cooperazione e lo Sviluppo Economico (OCSE) e l&#039;Organizzazione Internazionale del Lavoro (OIL).<\/li>\n\n\n\n<li>Rispetto per l&#039;uguaglianza delle persone e la loro diversit\u00e0, che richiede, in relazione a tutti i tipi di rapporti personali e professionali derivanti da attivit\u00e0 e affari, un comportamento rispettoso ed equo in cui non vi sia spazio per atteggiamenti discriminatori basati su sesso, origine etnica, credo, religione, et\u00e0, disabilit\u00e0, affiliazione politica, orientamento sessuale, nazionalit\u00e0, cittadinanza, stato civile o condizione socioeconomica.<\/li>\n\n\n\n<li>Rigoroso rispetto della legge, che richiede l&#039;assunzione senza eccezioni dell&#039;obbligo di osservare la legislazione applicabile alle attivit\u00e0 e alle operazioni di Enigmia Digital e alle azioni ad esse correlate.<\/li>\n\n\n\n<li>L&#039;obiettivit\u00e0 professionale richiede che le decisioni e le azioni vengano prese senza accettare l&#039;influenza di conflitti di interesse o altre circostanze che potrebbero mettere in discussione l&#039;integrit\u00e0 di Enigmia Digital o dei suoi dipendenti.<\/li>\n<\/ul>\n\n\n\n<p>Garantire il rispetto di questo impegno per un comportamento etico richiede una condotta responsabile, che a sua volta esige:<\/p>\n\n\n\n<ul class=\"wp-block-list\">\n<li>Responsabilit\u00e0 nelle azioni, sia a livello istituzionale che individuale, rigorosamente conforme ai principi e ai criteri del Codice.<\/li>\n\n\n\n<li>Un atteggiamento responsabile, che coinvolge i dipendenti nell&#039;identificazione, nella comunicazione immediata e nella risoluzione, ove opportuno, di azioni eticamente discutibili.<\/li>\n<\/ul>\n\n\n\n<p>Enigmia Digital ritiene che la generalizzazione dei suddetti valori etici e di quelli impliciti nel contenuto del Codice a tutte le tipologie di pratiche commerciali debba contribuire concretamente allo sviluppo delle societ\u00e0 in cui esse si radicano.<\/p>\n\n\n\n<hr class=\"wp-block-separator has-alpha-channel-opacity\"\/>\n\n\n\n<h2 class=\"wp-block-heading\">3. RELAZIONE CON E TRA I DIPENDENTI<\/h2>\n\n\n\n<p>Il rapporto di Enigmia Digital con i suoi dipendenti e il rapporto tra i dipendenti stessi si baseranno sul rispetto dei seguenti impegni:<\/p>\n\n\n\n<h3 class=\"wp-block-heading\">3.1. Trattamento rispettoso e divieto di discriminazione<\/h3>\n\n\n\n<p>Trattare i dipendenti con dignit\u00e0, rispetto ed equit\u00e0, tenendo conto delle loro diverse sensibilit\u00e0 culturali.<\/p>\n\n\n\n<p>Non discriminare i dipendenti sulla base di razza, religione, et\u00e0, nazionalit\u00e0, orientamento sessuale, sesso o qualsiasi altra condizione personale o sociale non correlata al loro merito e alle loro capacit\u00e0.<\/p>\n\n\n\n<p>Non tollerare alcuna forma di violenza, molestia o abuso sul luogo di lavoro.<\/p>\n\n\n\n<h3 class=\"wp-block-heading\">3.2. Garanzia dei diritti dei lavoratori<\/h3>\n\n\n\n<p>Riconoscere i diritti di associazione, di sindacalizzazione e di contrattazione collettiva.<\/p>\n\n\n\n<h3 class=\"wp-block-heading\">3.3. Divieto del lavoro minorile<\/h3>\n\n\n\n<p>Enigmia Digital non tollera il lavoro minorile. Enigmia Digital non utilizzer\u00e0 il lavoro minorile n\u00e9 integrer\u00e0 nelle proprie attivit\u00e0 prodotti o servizi derivati da esso e garantir\u00e0 il rispetto delle disposizioni dell&#039;Organizzazione Internazionale del Lavoro (OIL) in materia di lavoro minorile.<\/p>\n\n\n\n<h3 class=\"wp-block-heading\">3.4. Pari opportunit\u00e0<\/h3>\n\n\n\n<p>Tutti i dipendenti godranno di pari opportunit\u00e0 di sviluppo professionale. Enigmia Digital si impegna a implementare un&#039;efficace politica di pari opportunit\u00e0 affinch\u00e9 i propri dipendenti possano sviluppare la propria carriera professionale sulla base del principio del merito.<\/p>\n\n\n\n<p>I dipendenti di Enigmia Digital rispetteranno la politica delle pari opportunit\u00e0 nel proprio ambito professionale e sosterranno la crescita personale e professionale dei propri colleghi.<\/p>\n\n\n\n<h3 class=\"wp-block-heading\">3.5. Sicurezza e salute sul lavoro<\/h3>\n\n\n\n<p>Enigmia Digital fornir\u00e0 ai propri dipendenti un ambiente di lavoro sicuro e stabile e si impegna ad aggiornare costantemente le misure di prevenzione dei rischi professionali, rispettando scrupolosamente le normative vigenti in materia in tutti i luoghi in cui svolge la propria attivit\u00e0.<\/p>\n\n\n\n<hr class=\"wp-block-separator has-alpha-channel-opacity\"\/>\n\n\n\n<h2 class=\"wp-block-heading\">4. RELAZIONI CON TERZI E CON IL MERCATO<\/h2>\n\n\n\n<p>Enigmia Digital e i suoi dipendenti baseranno i loro rapporti con clienti, fornitori, concorrenti e partner, nonch\u00e9 con i propri azionisti, investitori e altri operatori di mercato, sui principi di integrit\u00e0, professionalit\u00e0 e trasparenza.<\/p>\n\n\n\n<h3 class=\"wp-block-heading\">4.1. Concorrenza leale<\/h3>\n\n\n\n<p>Enigmia Digital vieta qualsiasi azione che implichi pratiche di concorrenza sleale e si impegna a garantire il rispetto delle leggi sulla concorrenza applicabili nei paesi in cui svolge la propria attivit\u00e0.<\/p>\n\n\n\n<h3 class=\"wp-block-heading\">4.2. Probit\u00e0 nella gestione<\/h3>\n\n\n\n<p>Enigmia Digital vieta la corruzione di autorit\u00e0 e funzionari pubblici e proibisce ai propri dipendenti di dare a terzi o di ricevere da terzi pagamenti indebiti di qualsiasi tipo, n\u00e9 regali, gratifiche o favori che siano al di fuori degli usi del mercato o che, per il loro valore, caratteristiche o circostanze, possano ragionevolmente alterare lo sviluppo dei rapporti commerciali, amministrativi o professionali in cui sono coinvolte le sue aziende.<\/p>\n\n\n\n<h3 class=\"wp-block-heading\">4.3. Qualit\u00e0<\/h3>\n\n\n\n<p>Enigmia Digital si impegna a garantire la qualit\u00e0 dei propri prodotti e servizi. Le sue pratiche aziendali sono guidate dalla ricerca della qualit\u00e0 sia nei prodotti che nei servizi, e fornir\u00e0 ai propri dipendenti le risorse necessarie per sviluppare i sistemi di gestione della qualit\u00e0 pi\u00f9 appropriati in ogni momento. Enigmia Digital si adoperer\u00e0 per superare le aspettative dei clienti e anticipare e comprendere proattivamente le loro esigenze.<\/p>\n\n\n\n<p>Enigmia Digital pone i clienti al centro della propria attivit\u00e0, al fine di instaurare con loro relazioni durature basate sul reciproco contributo di valore e sulla fiducia reciproca.<\/p>\n\n\n\n<p>Enigmia Digital apporta valore aggiunto attraverso la consulenza professionale e l&#039;innovazione nella configurazione e nell&#039;erogazione efficiente di prodotti e servizi adattati alle esigenze che percepisce dai suoi clienti in un dato momento.<\/p>\n\n\n\n<p>Enigmia Digital si impegna a rivedere costantemente i propri processi organizzativi per migliorare il servizio e l&#039;assistenza clienti.<\/p>\n\n\n\n<p>Enigmia Digital si aspetta che i suoi clienti conducano la propria attivit\u00e0 nel rispetto della legge e richiede la loro collaborazione per adempiere efficacemente all&#039;obiettivo istituzionale e all&#039;impegno sociale di prevenire il riciclaggio di denaro e il finanziamento di attivit\u00e0 terroristiche.<\/p>\n\n\n\n<h3 class=\"wp-block-heading\">4.4. Riservatezza relativa alle informazioni di terzi<\/h3>\n\n\n\n<p>Enigmia Digital garantisce la riservatezza e la privacy di tutti i dati di terzi in suo possesso. Enigmia Digital si impegna a preservare la riservatezza dei dati relativi a terzi, salvo nei casi in cui obblighi legali, amministrativi o giudiziari impongano la divulgazione a enti o persone fisiche o la pubblicazione di tali dati. Inoltre, garantisce il diritto dei terzi interessati di consultare e richiedere la modifica o la rettifica dei propri dati, ove necessario. I dipendenti di Enigmia Digital, nello svolgimento delle proprie mansioni professionali, manterranno la riservatezza dei dati come sopra descritto e si asterranno da qualsiasi uso improprio di tali informazioni.<\/p>\n\n\n\n<p>Enigmia Digital ritiene che uno degli elementi principali su cui si fonda la fiducia dei suoi clienti sia l&#039;adeguata salvaguardia delle loro informazioni e l&#039;effettiva limitazione del loro utilizzo, nel rispetto delle disposizioni di legge applicabili in ciascun caso.<\/p>\n\n\n\n<p>Le informazioni non pubbliche detenute da Enigmia Digital relative ai suoi clienti e alle loro transazioni sono riservate. Enigmia Digital ha adottato norme e procedure per:<\/p>\n\n\n\n<ul class=\"wp-block-list\">\n<li>Per garantire la sicurezza dell&#039;accesso ai propri sistemi informatici e ai file fisici in cui \u00e8 conservata la documentazione contrattuale e transazionale dei propri clienti.<\/li>\n\n\n\n<li>Per ottemperare agli obblighi di legge in materia di protezione dei dati personali.<\/li>\n<\/ul>\n\n\n\n<p>I dipendenti che, in ragione della loro posizione o attivit\u00e0 professionale, hanno accesso a informazioni sui clienti o ne sono in possesso, sono responsabili della loro custodia e del loro uso appropriato.<\/p>\n\n\n\n<h3 class=\"wp-block-heading\">4.5. Trasparenza, creazione di valore e governance aziendale<\/h3>\n\n\n\n<p>Enigmia Digital si impegna, come principio guida del proprio comportamento aziendale nei confronti di azionisti, investitori, analisti e del mercato in generale, a trasmettere informazioni veritiere e complete che esprimano la vera immagine delle aziende, delle loro attivit\u00e0 e delle loro strategie commerciali.<\/p>\n\n\n\n<p>Enigmia Digital si impegna a fornire ai propri clienti informazioni tempestive, accurate e comprensibili sulle proprie attivit\u00e0, nonch\u00e9 sulle caratteristiche fondamentali dei prodotti e servizi offerti.<\/p>\n\n\n\n<p>Questo impegno richiede una particolare diligenza nella condotta professionale di tutte le persone responsabili della gestione dei processi e dei sistemi di informazione dei clienti, dell&#039;assistenza personale alle loro richieste di informazioni e della risoluzione dei loro reclami.<\/p>\n\n\n\n<h3 class=\"wp-block-heading\">4.6. Protezione del patrimonio aziendale<\/h3>\n\n\n\n<p>Enigmia Digital e i suoi dipendenti si impegneranno sempre a proteggere tutti i beni e i diritti che costituiscono il patrimonio aziendale, preservando la riservatezza delle informazioni ad essi relative, che potranno essere utilizzate esclusivamente nell&#039;ambito delle attivit\u00e0 aziendali. I dipendenti sono responsabili della protezione dei beni di Enigmia Digital loro affidati e della loro salvaguardia da qualsiasi perdita, danno, furto o utilizzo illecito o fraudolento.<\/p>\n\n\n\n<h3 class=\"wp-block-heading\">4.7. Conflitti di interesse<\/h3>\n\n\n\n<p>Tutti i dipendenti di Enigmia Digital devono evitare situazioni che possano creare un conflitto tra i propri interessi personali e quelli di Enigmia Digital e astenersi dal rappresentare l&#039;azienda o dall&#039;intervenire o influenzare processi decisionali nei quali, direttamente o indirettamente, essi stessi o una terza parte a loro legata da un rapporto economico, familiare o professionale significativo abbiano un interesse personale.<\/p>\n\n\n\n<p>I dipendenti che riscontrano un conflitto di interessi sono tenuti a segnalarlo al proprio superiore. I conflitti tra interessi personali e interessi aziendali saranno sempre risolti a favore degli interessi di Enigmia Digital.<\/p>\n\n\n\n<h3 class=\"wp-block-heading\">4.8. Utilizzo delle informazioni su Enigmia Digital<\/h3>\n\n\n\n<p>Enigmia Digital richiede ai propri dipendenti di utilizzare in modo discreto e professionale le informazioni aziendali a cui hanno accesso nello svolgimento della propria attivit\u00e0, limitandone l&#039;uso alle sole attivit\u00e0 aziendali, e si impegna a implementare sistemi di gestione incentrati sul rispetto di questo principio.<\/p>\n\n\n\n<hr class=\"wp-block-separator has-alpha-channel-opacity\"\/>\n\n\n\n<h2 class=\"wp-block-heading\">5. RELAZIONE CON LA SOCIET\u00c0<\/h2>\n\n\n\n<h3 class=\"wp-block-heading\">5.1. Ambiente<\/h3>\n\n\n\n<p>Enigmia Digital si impegna a garantire il massimo rispetto per l&#039;ambiente nello svolgimento delle proprie attivit\u00e0, nonch\u00e9 a minimizzare qualsiasi impatto negativo che tali attivit\u00e0 possano causare. Enigmia Digital si impegna a rispettare rigorosamente tutte le normative ambientali applicabili.<\/p>\n\n\n\n<h3 class=\"wp-block-heading\">5.2. Impegno sociale<\/h3>\n\n\n\n<p>Enigmia Digital si impegna a condurre un&#039;attivit\u00e0 socialmente responsabile, nel rispetto delle leggi dei paesi in cui opera e, in particolare, si assume la responsabilit\u00e0 di rispettare la diversit\u00e0 culturale, gli usi e i principi vigenti tra le persone e le comunit\u00e0 interessate dalle sue attivit\u00e0.<\/p>\n\n\n\n<hr class=\"wp-block-separator has-alpha-channel-opacity\"\/>\n\n\n\n<h2 class=\"wp-block-heading\">6. INTERPRETAZIONE E CONFORMIT\u00c0<\/h2>\n\n\n\n<p>Il presente Codice stabilisce i principi e gli impegni di etica aziendale che Enigmia Digital e i suoi dipendenti devono rispettare e a cui devono attenersi nello svolgimento delle proprie attivit\u00e0.<\/p>\n\n\n\n<p>Enigmia Digital comunicher\u00e0 e diffonder\u00e0 il contenuto del presente Codice Etico a tutti i suoi dipendenti e a qualsiasi terza parte interessata. I dipendenti dovranno impegnarsi formalmente a rispettare il Codice al momento dell&#039;assunzione, al rinnovo del contratto e in qualsiasi altra circostanza ritenuta opportuna da Enigmia Digital. Inoltre, Enigmia Digital richieder\u00e0 periodicamente ai dipendenti di confermare formalmente la propria conoscenza e adesione alle Linee Guida di Condotta del Codice e organizzer\u00e0 sessioni di formazione sui suoi vari aspetti.<\/p>\n\n\n\n<p>Enigmia Digital si aspetta che tutti i suoi dipendenti dimostrino un elevato livello di impegno nei confronti del Codice Etico aziendale. I dirigenti e i dipendenti potranno essere valutati in base alla loro adesione a tale Codice. Eventuali violazioni saranno analizzate in conformit\u00e0 con le procedure interne, le leggi e gli accordi applicabili e, ove necessario, saranno applicate le sanzioni appropriate.<\/p>\n\n\n\n<p>Qualsiasi domanda che dovesse sorgere in merito all&#039;interpretazione o all&#039;applicazione del presente Codice Etico deve essere rivolta al superiore gerarchico o, se necessario, al Responsabile della Conformit\u00e0.<\/p>\n\n\n\n<p>Nessuno, a prescindere dal livello o dalla posizione ricoperta, \u00e8 autorizzato a chiedere a un dipendente di violare il presente Codice Etico. Nessun dipendente pu\u00f2 giustificare una condotta scorretta adducendo come motivazione un ordine di un superiore o l&#039;ignoranza del presente Codice.<\/p>\n\n\n\n<p>Qualsiasi dipendente che venga a conoscenza o abbia il ragionevole sospetto di una violazione del presente Codice pu\u00f2 segnalarlo al proprio superiore o attraverso i meccanismi stabiliti dall&#039;azienda per la presentazione di suggerimenti e reclami. Enigmia Digital adotter\u00e0 le misure necessarie per prevenire conseguenze negative derivanti da comunicazioni effettuate dai dipendenti in buona fede, come previsto nel presente documento.<\/p>\n\n\n\n<p>Qualsiasi violazione o inosservanza del presente Codice che costituisca un reato in ambito lavorativo sar\u00e0 sanzionata in conformit\u00e0 alle normative vigenti, fatto salvo ogni altro obbligo che il trasgressore possa aver contratto.<\/p>\n\n\n\n<hr class=\"wp-block-separator has-alpha-channel-opacity\"\/>\n\n\n\n<h2 class=\"wp-block-heading\">7. CANALE RAPPORTI ED ETICA<\/h2>\n\n\n\n<p>Tutti i dirigenti e i dipendenti di Enigmia Digital possono consultare qualsiasi dubbio in merito all&#039;interpretazione delle Linee guida del Codice di condotta e devono segnalare, in buona fede e senza timore di ritorsioni, qualsiasi violazione delle linee guida del Codice che osservino nello svolgimento della propria attivit\u00e0 professionale all&#039;Organismo di controllo indipendente, tramite e-mail: <a href=\"mailto:canaletico@enigmiacorp.com\">canaletico@enigmiacorp.com<\/a><\/p>\n\n\n\n<p>Le comunicazioni pervenute all&#039;Organismo di controllo indipendente saranno gestite in modo da garantire la riservatezza dell&#039;identit\u00e0 del denunciante e di eventuali terzi menzionati nella denuncia, e da impedire l&#039;accesso a tali informazioni da parte di personale non autorizzato.<\/p>\n\n\n\n<p>Le informazioni ricevute tramite il canale etico saranno trattate in conformit\u00e0 con la normativa sulla protezione dei dati.<\/p>\n\n\n\n<p>Enigmia Digital non tollerer\u00e0 ritorsioni nei confronti di coloro che, in buona fede, abbiano segnalato problemi relativi a condotte immorali o illegali. In particolare, Enigmia Digital applicher\u00e0 i principi stabiliti dalla legislazione europea in materia di tutela dei segnalatori di illeciti.<\/p>\n\n\n\n<hr class=\"wp-block-separator has-alpha-channel-opacity\"\/>\n\n\n\n<h2 class=\"wp-block-heading\">8. VALIDIT\u00c0<\/h2>\n\n\n\n<p>Il Codice Etico entra in vigore il giorno della sua pubblicazione e diffusione a dirigenti e dipendenti e rimarr\u00e0 in vigore fino a quando non ne verr\u00e0 approvata l&#039;abrogazione.<\/p>\n\n\n\n<p>Sar\u00e0 rivisto e aggiornato periodicamente dal Direttore Generale, secondo le proposte dell&#039;Organismo di Controllo Indipendente.<\/p>\n\n\n\n<p>Qualsiasi modifica al Codice Etico sar\u00e0 comunicata a tutte le persone obbligate e interessate al suo rispetto.<\/p>\n\n\n\n<p><\/p>","protected":false},"excerpt":{"rendered":"<p>0. INTRODUCCI\u00d3N Enigmia Digital S.L, desde su creaci\u00f3n, ha manifestado un firme compromiso \u00e9tico, y entiende que la mejor forma de cumplirlo es el establecimiento de normas y procedimientos internos eficaces que tiendan a: La adhesi\u00f3n a este C\u00f3digo es absolutamente fundamental para garantizar que todos los servicios de Enigmia Digital cumplen plenamente la legislaci\u00f3n. [&hellip;]<\/p>\n","protected":false},"author":2,"featured_media":0,"parent":0,"menu_order":0,"comment_status":"closed","ping_status":"closed","template":"","meta":{"_acf_changed":false,"footnotes":""},"design":[],"class_list":["post-17482","page","type-page","status-publish","hentry"],"acf":[],"_links":{"self":[{"href":"https:\/\/enigmia.es\/it\/wp-json\/wp\/v2\/pages\/17482","targetHints":{"allow":["GET"]}}],"collection":[{"href":"https:\/\/enigmia.es\/it\/wp-json\/wp\/v2\/pages"}],"about":[{"href":"https:\/\/enigmia.es\/it\/wp-json\/wp\/v2\/types\/page"}],"author":[{"embeddable":true,"href":"https:\/\/enigmia.es\/it\/wp-json\/wp\/v2\/users\/2"}],"replies":[{"embeddable":true,"href":"https:\/\/enigmia.es\/it\/wp-json\/wp\/v2\/comments?post=17482"}],"version-history":[{"count":0,"href":"https:\/\/enigmia.es\/it\/wp-json\/wp\/v2\/pages\/17482\/revisions"}],"wp:attachment":[{"href":"https:\/\/enigmia.es\/it\/wp-json\/wp\/v2\/media?parent=17482"}],"wp:term":[{"taxonomy":"design","embeddable":true,"href":"https:\/\/enigmia.es\/it\/wp-json\/wp\/v2\/design?post=17482"}],"curies":[{"name":"wp","href":"https:\/\/api.w.org\/{rel}","templated":true}]}}