{"id":17484,"date":"2025-06-18T12:37:55","date_gmt":"2025-06-18T10:37:55","guid":{"rendered":"https:\/\/enigmia.es\/?page_id=17484"},"modified":"2025-06-18T18:38:46","modified_gmt":"2025-06-18T16:38:46","slug":"canale-di-segnalazione","status":"publish","type":"page","link":"https:\/\/enigmia.es\/it\/canal-de-denuncias\/","title":{"rendered":"Canale dei reclami"},"content":{"rendered":"<p><br>Sistema informativo interno di ENIGMIA DIGITAL, in conformit\u00e0 alla Legge 2\/2023, del 20 febbraio, che disciplina la tutela delle persone che segnalano violazioni normative e la lotta alla corruzione.<\/p>\n\n\n\n<h2 class=\"wp-block-heading\">Che cos&#039;\u00e8?<\/h2>\n\n\n\n<p>Il <strong>Sistema informativo interno<\/strong> Di <strong>Enigma digitale<\/strong> \u00e8 un <strong>canale o via sicura per la partecipazione<\/strong>&nbsp;che consente di segnalare qualsiasi azione od omissione contraria ai principi di buon governo e, in particolare, qualsiasi violazione delle norme che possa costituire reato o grave illecito amministrativo, nonch\u00e9 delle norme dell&#039;Unione europea.<\/p>\n\n\n\n<p>Comprende meccanismi per garantire la&nbsp;<strong>riservatezza&nbsp;<\/strong>di tutte le informazioni e&nbsp;<strong>Offre uno spazio di comunicazione sicuro che garantisce l&#039;anonimato.<\/strong>&nbsp;mantenere i contatti con l&#039;azienda. L&#039;obiettivo \u00e8 incoraggiare che&nbsp;<strong>Qualsiasi dipendente o persona collegata a ENIGMIA DIGITAL pu\u00f2 fornire liberamente informazioni senza subire ritorsioni.<\/strong> Incorpora anche strumenti per&nbsp;<strong>per garantire i diritti delle persone interessate dalle informazioni.<\/strong><\/p>\n\n\n\n<h2 class=\"wp-block-heading\">Canali<\/h2>\n\n\n\n<p>Il Sistema Informativo Interno integra i diversi canali di segnalazione per consentire l&#039;invio di informazioni relative a violazioni del Codice Etico o dei protocolli obbligatori.<strong>.<\/strong><\/p>\n\n\n\n<p>A seconda del tipo di informazione che desideri comunicare, puoi utilizzare il canale pi\u00f9 appropriato tra quelli offerti da ENIGMIA DIGITAL. Nello specifico, sono disponibili i seguenti canali:<\/p>\n\n\n\n<p><strong>Canale sull&#039;etica: <\/strong>segnalare violazioni del Codice Etico di ENIGMIA DIGITAL che non costituiscono molestie.&nbsp;<\/p>\n\n\n\n<p><strong>Canale di protocollo contro le molestie e le discriminazioni:<\/strong> Segnalare comportamenti che costituiscono molestie sul luogo di lavoro, molestie sessuali o molestie basate sul sesso.&nbsp;<\/p>\n\n\n\n<p>A tale scopo, \u00e8 disponibile il seguente indirizzo e-mail: <a href=\"mailto:canaletico@enigmiacorp.com\">canaletico@enigmiacorp.com<\/a><\/p>\n\n\n\n<h2 class=\"wp-block-heading\">Requisiti<\/h2>\n\n\n\n<p>Si raccomanda che le comunicazioni rispettino i seguenti requisiti:<\/p>\n\n\n\n<ul class=\"wp-block-list\">\n<li>Fornite tutta la documentazione disponibile relativa alla situazione segnalata, o prove oggettive a supporto della vostra tesi; nessun provvedimento pu\u00f2 essere preso basandosi esclusivamente su opinioni. A tale scopo \u00e8 incluso un modulo apposito.<\/li>\n\n\n\n<li>Avere una ragionevole certezza circa le informazioni trasferite.<\/li>\n\n\n\n<li>Le comunicazioni infondate o palesemente false non saranno accettate.<\/li>\n<\/ul>\n\n\n\n<h2 class=\"wp-block-heading\">Come funziona?<\/h2>\n\n\n\n<p>Una volta ricevute le informazioni, una conferma di ricezione della comunicazione verr\u00e0 inviata all&#039;informatore entro sette giorni di calendario dalla data di ricezione, a meno che ci\u00f2 non possa compromettere la riservatezza della comunicazione o che l&#039;informatore abbia espressamente rinunciato a ricevere comunicazioni relative all&#039;indagine.<\/p>\n\n\n\n<p>Il responsabile dell&#039;elaborazione della domanda decider\u00e0, entro un termine non superiore a dieci giorni dalla data di inserimento delle informazioni nel registro:<\/p>\n\n\n\n<p>\u2013 Accettare o rifiutare la comunicazione, concedendo all&#039;informatore cinque giorni per essere informato della decisione presa.<\/p>\n\n\n\n<p>\u2013 Trasmettere le informazioni alla Procura della Repubblica qualora i fatti possano essere indicativi di un reato, oppure all&#039;autorit\u00e0, all&#039;ente o all&#039;organismo ritenuto competente a trattarle.<\/p>\n\n\n\n<p>Una volta accettata la segnalazione, l&#039;indagine comprender\u00e0 tutte le azioni volte a verificare la veridicit\u00e0 dei fatti riportati. Il periodo massimo per rispondere alle azioni investigative non pu\u00f2 superare i tre mesi dalla data di ricezione della segnalazione.<\/p>\n\n\n\n<p>Una volta completate tutte le procedure, l&#039;istruttore rediger\u00e0 una relazione, sulla base della quale il Channel Manager prender\u00e0 una delle seguenti decisioni:<\/p>\n\n\n\n<p>a) Archiviare il documento.<\/p>\n\n\n\n<p>b) Deferimento alla Procura della Repubblica.<\/p>\n\n\n\n<p>c) Adozione di un accordo per avviare una procedura sanzionatoria.<\/p>\n\n\n\n<p>Il termine per il completamento del procedimento e per la risposta all&#039;informatore, se del caso, non pu\u00f2 superare i tre mesi dalla data di registrazione della segnalazione. Qualunque sia la decisione, l&#039;informatore ne verr\u00e0 informato, a meno che non abbia rinunciato a tale diritto o la comunicazione sia anonima.<\/p>\n\n\n\n<h2 class=\"wp-block-heading\">Protezione dei segnalatori di illeciti<\/h2>\n\n\n\n<p>Il canale garantisce la riservatezza di tali informazioni, nel rispetto della legge, nonch\u00e9 la tutela dei diritti degli informatori e degli accusati.&nbsp;<\/p>\n\n\n\n<p>Le persone che segnalano o divulgano violazioni hanno diritto alla protezione a condizione che abbiano fondati motivi per ritenere che le informazioni segnalate siano veritiere al momento della segnalazione o della divulgazione, anche se non forniscono prove conclusive.<\/p>\n\n\n\n<p>Sono espressamente vietati gli atti che costituiscono ritorsione, comprese le minacce di ritorsione e i tentativi di ritorsione nei confronti delle persone che inviano una comunicazione secondo questa procedura.<\/p>","protected":false},"excerpt":{"rendered":"<p>Sistema Interno de Informaci\u00f3n de ENIGMIA DIGITAL, conforme a la Ley 2\/2023, de 20 de febrero, reguladora de la protecci\u00f3n de las personas que informen sobre infracciones normativas y de lucha contra la corrupci\u00f3n. \u00bfQu\u00e9 es? El Sistema Interno de Informaci\u00f3n de ENIGMIA DIGITAL es un&nbsp;el cauce o canal seguro de participaci\u00f3n&nbsp;que permite informar sobre [&hellip;]<\/p>\n","protected":false},"author":2,"featured_media":0,"parent":0,"menu_order":0,"comment_status":"closed","ping_status":"closed","template":"","meta":{"_acf_changed":false,"footnotes":""},"design":[],"class_list":["post-17484","page","type-page","status-publish","hentry"],"acf":[],"_links":{"self":[{"href":"https:\/\/enigmia.es\/it\/wp-json\/wp\/v2\/pages\/17484","targetHints":{"allow":["GET"]}}],"collection":[{"href":"https:\/\/enigmia.es\/it\/wp-json\/wp\/v2\/pages"}],"about":[{"href":"https:\/\/enigmia.es\/it\/wp-json\/wp\/v2\/types\/page"}],"author":[{"embeddable":true,"href":"https:\/\/enigmia.es\/it\/wp-json\/wp\/v2\/users\/2"}],"replies":[{"embeddable":true,"href":"https:\/\/enigmia.es\/it\/wp-json\/wp\/v2\/comments?post=17484"}],"version-history":[{"count":0,"href":"https:\/\/enigmia.es\/it\/wp-json\/wp\/v2\/pages\/17484\/revisions"}],"wp:attachment":[{"href":"https:\/\/enigmia.es\/it\/wp-json\/wp\/v2\/media?parent=17484"}],"wp:term":[{"taxonomy":"design","embeddable":true,"href":"https:\/\/enigmia.es\/it\/wp-json\/wp\/v2\/design?post=17484"}],"curies":[{"name":"wp","href":"https:\/\/api.w.org\/{rel}","templated":true}]}}