{"id":16527,"date":"2025-02-05T13:04:15","date_gmt":"2025-02-05T12:04:15","guid":{"rendered":"https:\/\/enigmia.es\/?page_id=16527"},"modified":"2025-02-05T13:04:17","modified_gmt":"2025-02-05T12:04:17","slug":"politica-de-cookies","status":"publish","type":"page","link":"https:\/\/enigmia.es\/pt\/politica-de-cookies\/","title":{"rendered":"Pol\u00edtica de cookies"},"content":{"rendered":"<h6 class=\"wp-block-heading\" id=\"headline-3-228\">O que \u00e9 um biscoito?<\/h6>\n\n\n\n<p>Um cookie \u00e9 um pequeno arquivo de texto inofensivo que \u00e9 armazenado no seu navegador quando voc\u00ea visita praticamente qualquer site. O objetivo dos cookies \u00e9 permitir que o site se lembre da sua visita quando voc\u00ea retornar \u00e0 p\u00e1gina. Embora muitas pessoas n\u00e3o saibam, os cookies s\u00e3o usados h\u00e1 20 anos, desde o surgimento dos primeiros navegadores da World Wide Web.<\/p>\n\n\n\n<h6 class=\"wp-block-heading\" id=\"headline-7-228\">O que N\u00c3O \u00e9 um biscoito?<\/h6>\n\n\n\n<p>N\u00e3o \u00e9 um v\u00edrus, um cavalo de Troia, um worm, spam, spyware, nem abre janelas pop-up.<\/p>\n\n\n\n<h6 class=\"wp-block-heading\" id=\"headline-11-228\">Que tipo de informa\u00e7\u00e3o um cookie armazena?<\/h6>\n\n\n\n<p>Os cookies normalmente n\u00e3o armazenam informa\u00e7\u00f5es sens\u00edveis sobre voc\u00ea, como dados de cart\u00e3o de cr\u00e9dito ou banc\u00e1rios, fotografias, seu documento de identidade ou outras informa\u00e7\u00f5es pessoais. Os dados que eles armazenam s\u00e3o de natureza t\u00e9cnica, como prefer\u00eancias pessoais, personaliza\u00e7\u00e3o de conte\u00fado, etc.<\/p>\n\n\n\n<p>O servidor web n\u00e3o associa voc\u00ea como pessoa, mas sim o seu navegador. Ali\u00e1s, se voc\u00ea costuma navegar com o Internet Explorer e depois tenta acessar o mesmo site com o Firefox ou o Chrome, ver\u00e1 que o site n\u00e3o o reconhece como a mesma pessoa, porque na verdade est\u00e1 associando o navegador, e n\u00e3o o indiv\u00edduo.<\/p>\n\n\n\n<h6 class=\"wp-block-heading\" id=\"headline-15-228\">Que tipos de cookies existem?<\/h6>\n\n\n\n<ul class=\"wp-block-list\">\n<li>Cookies t\u00e9cnicos: Estes s\u00e3o os mais b\u00e1sicos e permitem, entre outras coisas, saber quando um humano ou um aplicativo automatizado est\u00e1 navegando, quando um usu\u00e1rio an\u00f4nimo e um usu\u00e1rio registrado est\u00e3o navegando, tarefas b\u00e1sicas para o funcionamento de qualquer site din\u00e2mico.<\/li>\n\n\n\n<li>Cookies anal\u00edticos: Estes cookies recolhem informa\u00e7\u00f5es sobre a sua atividade de navega\u00e7\u00e3o, as sec\u00e7\u00f5es que utiliza com mais frequ\u00eancia, os produtos visualizados, a hora do dia, o idioma, etc.<\/li>\n\n\n\n<li>Cookies de publicidade: exibem an\u00fancios com base na sua navega\u00e7\u00e3o, pa\u00eds de origem, idioma, etc.<\/li>\n<\/ul>\n\n\n\n<h6 class=\"wp-block-heading\" id=\"headline-20-228\">O que s\u00e3o cookies prim\u00e1rios e cookies de terceiros?<\/h6>\n\n\n\n<p>Os cookies prim\u00e1rios s\u00e3o aqueles gerados pela p\u00e1gina que voc\u00ea est\u00e1 visitando, e os cookies de terceiros s\u00e3o aqueles gerados por servi\u00e7os ou provedores externos, como Facebook, Twitter, Google, etc.<\/p>\n\n\n\n<h6 class=\"wp-block-heading\" id=\"headline-24-228\">O que acontece se eu desativar os cookies?<\/h6>\n\n\n\n<p>Para ajudar voc\u00ea a entender as implica\u00e7\u00f5es de desativar os cookies, mostraremos alguns exemplos.<br>exemplos:<\/p>\n\n\n\n<ul class=\"wp-block-list\">\n<li>Voc\u00ea n\u00e3o poder\u00e1 compartilhar conte\u00fado desse site no Facebook, Twitter ou qualquer outra rede social.<\/li>\n\n\n\n<li>O site n\u00e3o poder\u00e1 adaptar o conte\u00fado \u00e0s suas prefer\u00eancias pessoais, como costuma acontecer em lojas online.<\/li>\n\n\n\n<li>Voc\u00ea n\u00e3o poder\u00e1 acessar a \u00e1rea pessoal desse site, como Minha Conta, Meu Perfil ou Meus Pedidos.<\/li>\n\n\n\n<li>Lojas online: N\u00e3o ser\u00e1 poss\u00edvel efetuar compras online; as compras dever\u00e3o ser feitas por telefone ou visitando a loja f\u00edsica, caso exista.<\/li>\n\n\n\n<li>N\u00e3o ser\u00e1 poss\u00edvel personalizar suas prefer\u00eancias geogr\u00e1ficas, como fuso hor\u00e1rio, moeda ou idioma.<\/li>\n\n\n\n<li>O site n\u00e3o poder\u00e1 realizar an\u00e1lises da web sobre visitantes e tr\u00e1fego, o que dificultar\u00e1 sua competitividade.<\/li>\n\n\n\n<li>Voc\u00ea n\u00e3o poder\u00e1 escrever no blog, enviar fotos, postar coment\u00e1rios, avaliar ou comentar conte\u00fado. O site tamb\u00e9m n\u00e3o conseguir\u00e1 determinar se voc\u00ea \u00e9 um humano ou um aplicativo automatizado enviando spam.<\/li>\n\n\n\n<li>N\u00e3o ser\u00e1 permitida publicidade direcionada, o que reduzir\u00e1 a receita publicit\u00e1ria do site.<\/li>\n\n\n\n<li>Todas as redes sociais usam cookies; se voc\u00ea os desativar, n\u00e3o poder\u00e1 usar nenhuma rede social.<\/li>\n<\/ul>\n\n\n\n<h6 class=\"wp-block-heading\" id=\"headline-27-228\">\u00c9 poss\u00edvel apagar os cookies?<\/h6>\n\n\n\n<p>Sim. N\u00e3o apenas excluir, mas tamb\u00e9m bloquear, seja de forma geral ou especificamente para um dom\u00ednio em particular.<\/p>\n\n\n\n<p>Para excluir cookies de um site, voc\u00ea deve acessar as configura\u00e7\u00f5es do seu navegador, onde encontrar\u00e1 os cookies associados ao dom\u00ednio em quest\u00e3o e poder\u00e1 exclu\u00ed-los.<\/p>\n\n\n\n<h6 class=\"wp-block-heading\" id=\"headline-31-228\">Configura\u00e7\u00f5es de cookies para os navegadores mais populares<\/h6>\n\n\n\n<p>A seguir, explicamos como acessar um cookie espec\u00edfico do navegador. <strong>Cromo<\/strong>. Observa\u00e7\u00e3o: Essas etapas podem variar dependendo da vers\u00e3o do seu navegador.<\/p>\n\n\n\n<ol class=\"wp-block-list\">\n<li>Acesse as Configura\u00e7\u00f5es ou Prefer\u00eancias pelo menu Arquivo ou clicando no \u00edcone de personaliza\u00e7\u00e3o que aparece no canto superior direito.<\/li>\n\n\n\n<li>Voc\u00ea ver\u00e1 diferentes se\u00e7\u00f5es; clique na op\u00e7\u00e3o &quot;Mostrar op\u00e7\u00f5es avan\u00e7adas&quot;.<\/li>\n\n\n\n<li>Acesse Privacidade e Configura\u00e7\u00f5es de conte\u00fado.<\/li>\n\n\n\n<li>Selecionar todos os cookies e dados do site.<\/li>\n\n\n\n<li>Ser\u00e1 exibida uma lista com todos os cookies classificados por dom\u00ednio. Para facilitar a localiza\u00e7\u00e3o dos cookies de um dom\u00ednio espec\u00edfico, digite parte ou todo o endere\u00e7o no campo &quot;Pesquisar cookies&quot;.<\/li>\n\n\n\n<li>Ap\u00f3s aplicar este filtro, uma ou mais linhas aparecer\u00e3o na tela mostrando os cookies do site solicitado. Agora, basta selecion\u00e1-los e clicar no X para exclu\u00ed-los.<\/li>\n<\/ol>\n\n\n\n<p>Para acessar as configura\u00e7\u00f5es de cookies do seu navegador <strong>Internet Explorer<\/strong> Siga estes passos (eles podem variar dependendo da vers\u00e3o do seu navegador):<\/p>\n\n\n\n<ol class=\"wp-block-list\">\n<li>Acesse Ferramentas e, em seguida, Op\u00e7\u00f5es da Internet.<\/li>\n\n\n\n<li>Clique em Privacidade.<\/li>\n\n\n\n<li>Mova o controle deslizante para ajustar o n\u00edvel de privacidade desejado.<\/li>\n<\/ol>\n\n\n\n<p>Para acessar as configura\u00e7\u00f5es de cookies no navegador Firefox, siga estes passos (eles podem variar dependendo da vers\u00e3o do navegador):<\/p>\n\n\n\n<ol class=\"wp-block-list\">\n<li>Acesse as Op\u00e7\u00f5es ou Prefer\u00eancias, dependendo do seu sistema operacional.<\/li>\n\n\n\n<li>Clique em Privacidade.<\/li>\n\n\n\n<li>Em Hist\u00f3rico, selecione Usar configura\u00e7\u00f5es personalizadas para o hist\u00f3rico.<\/li>\n\n\n\n<li>Agora voc\u00ea ver\u00e1 a op\u00e7\u00e3o Aceitar cookies; voc\u00ea pode ativ\u00e1-la ou desativ\u00e1-la de acordo com suas prefer\u00eancias.<\/li>\n<\/ol>\n\n\n\n<p>Para acessar as configura\u00e7\u00f5es de cookies no navegador Safari para OSX, siga estas etapas (elas podem variar dependendo da vers\u00e3o do navegador):<\/p>\n\n\n\n<ol class=\"wp-block-list\">\n<li>Acesse Prefer\u00eancias e, em seguida, Privacidade.<\/li>\n\n\n\n<li>Aqui voc\u00ea encontrar\u00e1 a op\u00e7\u00e3o Bloquear cookies, para que possa ajustar o tipo de bloqueio que deseja realizar.<\/li>\n<\/ol>\n\n\n\n<p>Para acessar as configura\u00e7\u00f5es de cookies no navegador Safari para iOS, siga estas etapas (elas podem variar dependendo da vers\u00e3o do navegador):<\/p>\n\n\n\n<ol class=\"wp-block-list\">\n<li>Acesse Ajustes e, em seguida, Safari.<\/li>\n\n\n\n<li>Acesse Privacidade e Seguran\u00e7a e voc\u00ea ver\u00e1 a op\u00e7\u00e3o Bloquear cookies, onde poder\u00e1 ajustar o tipo de bloqueio que deseja realizar.<\/li>\n<\/ol>\n\n\n\n<p>Para acessar as configura\u00e7\u00f5es de cookies do seu navegador em dispositivos Android, siga estas etapas (elas podem variar dependendo da vers\u00e3o do seu navegador):<\/p>\n\n\n\n<ol class=\"wp-block-list\">\n<li>Abra o navegador e pressione a tecla Menu e, em seguida, Configura\u00e7\u00f5es.<\/li>\n\n\n\n<li>Acesse Seguran\u00e7a e Privacidade e voc\u00ea ver\u00e1 a op\u00e7\u00e3o Aceitar cookies para ativar ou desativar a caixa.<\/li>\n<\/ol>\n\n\n\n<p>Para acessar as configura\u00e7\u00f5es de cookies do seu navegador em dispositivos Windows Phone, siga estas etapas (elas podem variar dependendo da vers\u00e3o do seu navegador):<\/p>\n\n\n\n<ol class=\"wp-block-list\">\n<li>Abra o Internet Explorer, depois clique em Mais e, em seguida, em Configura\u00e7\u00f5es.<\/li>\n\n\n\n<li>Agora voc\u00ea pode ativar ou desativar a op\u00e7\u00e3o Permitir cookies.<\/li>\n<\/ol>","protected":false},"excerpt":{"rendered":"<p>\u00bfQu\u00e9 es una cookie? Una cookie es un fichero de texto inofensivo que se almacena en su navegador cuando&nbsp;visita casi cualquier p\u00e1gina web. La utilidad de la cookiees que la web sea capaz de&nbsp;recordar su visita cuando vuelva a navegar por esa p\u00e1gina. Aunque mucha gente no lo&nbsp;sabe las cookies se llevan utilizando desde hace [&hellip;]<\/p>\n","protected":false},"author":1,"featured_media":0,"parent":0,"menu_order":0,"comment_status":"closed","ping_status":"closed","template":"","meta":{"_acf_changed":false,"footnotes":""},"design":[],"class_list":["post-16527","page","type-page","status-publish","hentry"],"acf":[],"_links":{"self":[{"href":"https:\/\/enigmia.es\/pt\/wp-json\/wp\/v2\/pages\/16527","targetHints":{"allow":["GET"]}}],"collection":[{"href":"https:\/\/enigmia.es\/pt\/wp-json\/wp\/v2\/pages"}],"about":[{"href":"https:\/\/enigmia.es\/pt\/wp-json\/wp\/v2\/types\/page"}],"author":[{"embeddable":true,"href":"https:\/\/enigmia.es\/pt\/wp-json\/wp\/v2\/users\/1"}],"replies":[{"embeddable":true,"href":"https:\/\/enigmia.es\/pt\/wp-json\/wp\/v2\/comments?post=16527"}],"version-history":[{"count":0,"href":"https:\/\/enigmia.es\/pt\/wp-json\/wp\/v2\/pages\/16527\/revisions"}],"wp:attachment":[{"href":"https:\/\/enigmia.es\/pt\/wp-json\/wp\/v2\/media?parent=16527"}],"wp:term":[{"taxonomy":"design","embeddable":true,"href":"https:\/\/enigmia.es\/pt\/wp-json\/wp\/v2\/design?post=16527"}],"curies":[{"name":"wp","href":"https:\/\/api.w.org\/{rel}","templated":true}]}}