{"id":16529,"date":"2025-02-05T13:04:30","date_gmt":"2025-02-05T12:04:30","guid":{"rendered":"https:\/\/enigmia.es\/?page_id=16529"},"modified":"2025-06-18T18:38:06","modified_gmt":"2025-06-18T16:38:06","slug":"politica-de-privacidade","status":"publish","type":"page","link":"https:\/\/enigmia.es\/pt\/politica-de-privacidad\/","title":{"rendered":"Pol\u00edtica de privacidade"},"content":{"rendered":"<p>A Enigmia Digital, S.L. est\u00e1 empenhada em salvaguardar a privacidade dos visitantes do seu s\u00edtio Web. Por favor, leia a nossa pol\u00edtica de privacidade para saber como s\u00e3o tratadas as informa\u00e7\u00f5es que nos fornece. O envio de comunica\u00e7\u00f5es ou mensagens com dados pessoais atrav\u00e9s deste s\u00edtio Web implica o cumprimento da pol\u00edtica de privacidade.<\/p>\n\n\n\n<h3 class=\"wp-block-heading\">Prote\u00e7\u00e3o dos dados pessoais. Informa\u00e7\u00f5es de base.<\/h3>\n\n\n\n<p><strong>Controlador de dados:<\/strong><\/p>\n\n\n\n<ul class=\"wp-block-list\">\n<li>Enigmia Digital, S.L.<\/li>\n\n\n\n<li>N.\u00ba IVA: B-10978427<\/li>\n\n\n\n<li>Endere\u00e7o postal: Avda. Hern\u00e1n Cort\u00e9s, 5, bajo. 10001-C\u00e1ceres<\/li>\n\n\n\n<li>Telefone: 927 289 680<\/li>\n\n\n\n<li>Objetivo: rela\u00e7\u00e3o comercial ou de neg\u00f3cios.<\/li>\n<\/ul>\n\n\n\n<p><strong>Legitima\u00e7\u00e3o:<\/strong> Execu\u00e7\u00e3o de um contrato e interesse leg\u00edtimo do respons\u00e1vel pelo tratamento<\/p>\n\n\n\n<p><strong>Grupo-alvo:<\/strong> os dados n\u00e3o ser\u00e3o divulgados a terceiros, exceto nos casos previstos ou permitidos por lei.<\/p>\n\n\n\n<p><strong>Direitos:<\/strong> o utilizador tem o direito de obter confirma\u00e7\u00e3o sobre se a Enigmia Digital, S.L. est\u00e1 a tratar os seus dados pessoais. Por conseguinte, tem o direito de aceder aos seus dados pessoais, retificar os dados inexactos ou solicitar a sua elimina\u00e7\u00e3o quando os dados j\u00e1 n\u00e3o forem necess\u00e1rios, bem como o direito \u00e0 portabilidade dos dados em determinados casos. Pode exercer estes direitos contactando-nos atrav\u00e9s do seguinte endere\u00e7o eletr\u00f3nico: <a href=\"mailto:dpd@enigmiacorp.com\">dpd@enigmiacorp.com<\/a>. Tem tamb\u00e9m o direito de apresentar uma queixa junto da Ag\u00eancia Espanhola de Prote\u00e7\u00e3o de Dados.<\/p>\n\n\n\n<h3 class=\"wp-block-heading\">2. Prote\u00e7\u00e3o dos dados pessoais. Informa\u00e7\u00f5es adicionais.<\/h3>\n\n\n\n<h4 class=\"wp-block-heading\">2.1 Tratamento dos dados.<\/h4>\n\n\n\n<p>Os dados recolhidos atrav\u00e9s dos formul\u00e1rios de recolha de dados do Portal ser\u00e3o tratados pela Enigmia Digital, S.L. em conformidade com as disposi\u00e7\u00f5es do Regulamento Geral de Prote\u00e7\u00e3o de Dados e da Lei Org\u00e2nica 3\/2018, de 5 de dezembro, sobre a Prote\u00e7\u00e3o de Dados Pessoais e a garantia dos direitos digitais.<\/p>\n\n\n\n<p>Estes dados ser\u00e3o incorporados nos ficheiros correspondentes da Enigmia Digital, S.L. e ser\u00e3o tratados de forma l\u00edcita, leal e transparente em rela\u00e7\u00e3o ao interessado.<\/p>\n\n\n\n<p><strong>Os dados recolhidos ser\u00e3o utilizados para os seguintes fins:<\/strong><\/p>\n\n\n\n<ul class=\"wp-block-list\">\n<li>Para o fornecimento de bens e servi\u00e7os aos nossos clientes.<\/li>\n\n\n\n<li>Para a manuten\u00e7\u00e3o da rela\u00e7\u00e3o com os nossos fornecedores.<\/li>\n\n\n\n<li>Para a execu\u00e7\u00e3o da rela\u00e7\u00e3o laboral ou contratual.<\/li>\n\n\n\n<li>Para os processos de sele\u00e7\u00e3o.<\/li>\n\n\n\n<li>Para a realiza\u00e7\u00e3o de actividades de marketing e de marketing direto.<\/li>\n<\/ul>\n\n\n\n<h4 class=\"wp-block-heading\">2.2 Envio de CVs.<\/h4>\n\n\n\n<p>Os curr\u00edculos e as candidaturas recebidas atrav\u00e9s dos formul\u00e1rios, endere\u00e7os de correio eletr\u00f3nico ou liga\u00e7\u00f5es desta p\u00e1gina ser\u00e3o tratados pela Enigmia Digital, S.L. em conformidade com o disposto na sec\u00e7\u00e3o anterior, e poder\u00e3o ser utilizados nos processos de sele\u00e7\u00e3o de pessoal da Enigmia Digital, S.L.<\/p>\n\n\n\n<h4 class=\"wp-block-heading\">2.3 Direitos das pessoas em causa.<\/h4>\n\n\n\n<p>O utilizador tem o direito de obter confirma\u00e7\u00e3o sobre se a Enigmia Digital, S.L. est\u00e1 ou n\u00e3o a tratar os seus dados pessoais.<\/p>\n\n\n\n<p>Os utilizadores t\u00eam o direito de aceder aos seus dados pessoais, bem como de solicitar a retifica\u00e7\u00e3o dos dados inexactos ou, se for caso disso, de solicitar a sua elimina\u00e7\u00e3o quando, entre outros motivos, os dados j\u00e1 n\u00e3o forem necess\u00e1rios para os fins para que foram recolhidos.<\/p>\n\n\n\n<p>Em determinadas circunst\u00e2ncias, os utilizadores podem solicitar que limitemos o tratamento dos seus dados, caso em que apenas os conservaremos para efeitos de exerc\u00edcio ou defesa de reclama\u00e7\u00f5es.<\/p>\n\n\n\n<p>Em determinadas circunst\u00e2ncias e por motivos relacionados com a sua situa\u00e7\u00e3o particular, os interessados podem opor-se ao tratamento dos seus dados. Neste caso, a Enigmia Digital, S.L. deixar\u00e1 de tratar os dados, exceto por motivos leg\u00edtimos imperiosos, ou para o exerc\u00edcio ou defesa de poss\u00edveis reclama\u00e7\u00f5es.<\/p>\n\n\n\n<p>Para exercer os seus direitos, a pessoa em causa deve enviar uma mensagem de correio eletr\u00f3nico para o seguinte endere\u00e7o <a href=\"mailto:dpd@enigmiacorp.com\"><a href=\"mailto:dpd@enigmiacorp.com\">dpd@enigmiacorp.com<\/a><\/a> especificando o seu pedido, que deve conter as seguintes informa\u00e7\u00f5es: nome e apelido(s) do utilizador, endere\u00e7o para efeitos de notifica\u00e7\u00e3o, c\u00f3pia do documento nacional de identidade ou passaporte e o pedido em que este \u00e9 apresentado. Em caso de representa\u00e7\u00e3o, esta deve ser comprovada atrav\u00e9s de um documento fi\u00e1vel.<\/p>\n\n\n\n<h4 class=\"wp-block-heading\">2.4 Ado\u00e7\u00e3o de medidas de seguran\u00e7a.<\/h4>\n\n\n\n<p>O tratamento de dados garante uma seguran\u00e7a adequada dos dados, incluindo a prote\u00e7\u00e3o contra o seu tratamento n\u00e3o autorizado ou ilegal e contra a sua perda, destrui\u00e7\u00e3o ou danifica\u00e7\u00e3o acidental, atrav\u00e9s da aplica\u00e7\u00e3o de medidas t\u00e9cnicas ou organizativas adequadas.<\/p>\n\n\n\n<h4 class=\"wp-block-heading\">2.5. Dados pessoais de menores.<\/h4>\n\n\n\n<p>A Enigmia Digital, S.L. considera que as crian\u00e7as merecem uma prote\u00e7\u00e3o espec\u00edfica dos seus dados pessoais, uma vez que podem estar menos conscientes dos riscos, consequ\u00eancias, garantias e direitos relativos ao tratamento de dados pessoais. Essa prote\u00e7\u00e3o espec\u00edfica deve aplicar-se, em particular, \u00e0 utiliza\u00e7\u00e3o de dados pessoais de crian\u00e7as para fins de marketing, de defini\u00e7\u00e3o de perfis de personalidade ou de utilizadores, bem como \u00e0 recolha de dados pessoais relativos a crian\u00e7as quando utilizam servi\u00e7os oferecidos diretamente a uma crian\u00e7a.<\/p>\n\n\n\n<p>A Enigmia Digital, S.L. cumpre a Conven\u00e7\u00e3o de 20 de novembro de 1989 sobre os Direitos da Crian\u00e7a, adoptada pela Assembleia Geral das Na\u00e7\u00f5es Unidas, e a Lei Org\u00e2nica 1\/1996, de 15 de janeiro, de Prote\u00e7\u00e3o Jur\u00eddica de Menores, aprovada pelo Parlamento espanhol, bem como a legisla\u00e7\u00e3o semelhante promulgada noutros pa\u00edses para proteger os menores.<\/p>\n\n\n\n<h3 class=\"wp-block-heading\">3. Legisla\u00e7\u00e3o.<\/h3>\n\n\n\n<p>O presente Aviso Legal rege-se, em todos e cada um dos seus aspetos, pelo Regulamento (UE) 2016\/679 (RGPD), pela LO 3\/2018 PDGDD e pela restante regulamenta\u00e7\u00e3o espanhola e europeia aplic\u00e1vel.<\/p>","protected":false},"excerpt":{"rendered":"<p>Enigmia Digital, S.L. adquiere el compromiso de salvaguardar la privacidad de los visitantes de su p\u00e1gina web. Lea nuestra pol\u00edtica de privacidad a fin de informarse de c\u00f3mo es tratada la informaci\u00f3n que nos proporcione. El env\u00edo de comunicaciones o mensajes con datos personales a trav\u00e9s de esta p\u00e1gina web implica la conformidad con la [&hellip;]<\/p>\n","protected":false},"author":1,"featured_media":0,"parent":0,"menu_order":0,"comment_status":"closed","ping_status":"closed","template":"","meta":{"_acf_changed":false,"footnotes":""},"design":[],"class_list":["post-16529","page","type-page","status-publish","hentry"],"acf":[],"_links":{"self":[{"href":"https:\/\/enigmia.es\/pt\/wp-json\/wp\/v2\/pages\/16529","targetHints":{"allow":["GET"]}}],"collection":[{"href":"https:\/\/enigmia.es\/pt\/wp-json\/wp\/v2\/pages"}],"about":[{"href":"https:\/\/enigmia.es\/pt\/wp-json\/wp\/v2\/types\/page"}],"author":[{"embeddable":true,"href":"https:\/\/enigmia.es\/pt\/wp-json\/wp\/v2\/users\/1"}],"replies":[{"embeddable":true,"href":"https:\/\/enigmia.es\/pt\/wp-json\/wp\/v2\/comments?post=16529"}],"version-history":[{"count":0,"href":"https:\/\/enigmia.es\/pt\/wp-json\/wp\/v2\/pages\/16529\/revisions"}],"wp:attachment":[{"href":"https:\/\/enigmia.es\/pt\/wp-json\/wp\/v2\/media?parent=16529"}],"wp:term":[{"taxonomy":"design","embeddable":true,"href":"https:\/\/enigmia.es\/pt\/wp-json\/wp\/v2\/design?post=16529"}],"curies":[{"name":"wp","href":"https:\/\/api.w.org\/{rel}","templated":true}]}}