{"id":7332,"date":"2024-09-11T17:57:02","date_gmt":"2024-09-11T15:57:02","guid":{"rendered":"https:\/\/enigmia.es\/?page_id=7332"},"modified":"2026-03-20T14:28:58","modified_gmt":"2026-03-20T13:28:58","slug":"interno","status":"publish","type":"page","link":"https:\/\/enigmia.es\/pt\/insider\/","title":{"rendered":"A nossa contribui\u00e7\u00e3o"},"content":{"rendered":"<p>Explore os relat\u00f3rios, an\u00e1lises e artigos da Enigmia sobre reputa\u00e7\u00e3o, narrativas, comunica\u00e7\u00e3o e intelig\u00eancia do espa\u00e7o p\u00fablico para entender melhor os fatores que influenciam organiza\u00e7\u00f5es e l\u00edderes.<\/p>\n\n\n\n<p><\/p>","protected":false},"excerpt":{"rendered":"<p>A nossa contribui\u00e7\u00e3o<\/p>","protected":false},"author":1,"featured_media":0,"parent":0,"menu_order":0,"comment_status":"closed","ping_status":"closed","template":"","meta":{"_acf_changed":false,"footnotes":""},"design":[],"class_list":["post-7332","page","type-page","status-publish","hentry"],"acf":[],"_links":{"self":[{"href":"https:\/\/enigmia.es\/pt\/wp-json\/wp\/v2\/pages\/7332","targetHints":{"allow":["GET"]}}],"collection":[{"href":"https:\/\/enigmia.es\/pt\/wp-json\/wp\/v2\/pages"}],"about":[{"href":"https:\/\/enigmia.es\/pt\/wp-json\/wp\/v2\/types\/page"}],"author":[{"embeddable":true,"href":"https:\/\/enigmia.es\/pt\/wp-json\/wp\/v2\/users\/1"}],"replies":[{"embeddable":true,"href":"https:\/\/enigmia.es\/pt\/wp-json\/wp\/v2\/comments?post=7332"}],"version-history":[{"count":2,"href":"https:\/\/enigmia.es\/pt\/wp-json\/wp\/v2\/pages\/7332\/revisions"}],"predecessor-version":[{"id":19046,"href":"https:\/\/enigmia.es\/pt\/wp-json\/wp\/v2\/pages\/7332\/revisions\/19046"}],"wp:attachment":[{"href":"https:\/\/enigmia.es\/pt\/wp-json\/wp\/v2\/media?parent=7332"}],"wp:term":[{"taxonomy":"design","embeddable":true,"href":"https:\/\/enigmia.es\/pt\/wp-json\/wp\/v2\/design?post=7332"}],"curies":[{"name":"wp","href":"https:\/\/api.w.org\/{rel}","templated":true}]}}